{"id":4621,"date":"2020-11-15T15:53:12","date_gmt":"2020-11-15T21:53:12","guid":{"rendered":"http:\/\/ridersgearworld.com\/?page_id=4621"},"modified":"2025-07-18T08:28:33","modified_gmt":"2025-07-18T14:28:33","slug":"bbi-who-we-are","status":"publish","type":"page","link":"https:\/\/www.bbincubator.com\/fr\/bbi\/who-we-are\/","title":{"rendered":"BBINC-Who we are"},"content":{"rendered":"<section class=\"wpb-content-wrapper\"><div class=\"vc_row wpb_row vc_row-fluid\"><div class=\"wpb_column vc_column_container vc_col-sm-12\"><div class=\"vc_column-inner\"><div class=\"wpb_wrapper\">\n\t<div class=\"wpb_text_column wpb_content_element\" >\n\t\t<div class=\"wpb_wrapper\">\n\t\t\t<p>La mission de <span style=\"color: #449aac;\"><strong>BBI<\/strong> <\/span>is to spark opportunity to create success in North America.<\/p>\n<p><span style=\"color: #449aac;\"><strong>BBI<\/strong><\/span>\u00a0offre une suite compl\u00e8te de services back-office sur une plateforme \u00e0 co\u00fbts partag\u00e9s, vous laissant le temps de vous concentrer sur votre d\u00e9veloppement commercial tout en vous appuyant sur un fournisseur de confiance pour g\u00e9rer vos op\u00e9rations.<\/p>\n<p>Notre portail unique couvre tous vos besoins de back-office :<\/p>\n\n\t\t<\/div>\n\t<\/div>\n<div class=\"gel-list gel-list-style-01 gel-69e207f132a87\">\r\n    <ul class=\"content-list icon_list\">\r\n                                                            <li class=\"item-list gel-list-item\">\r\n                                            <span class=\"list-type\"><i class=\"fal fa-arrow-alt-circle-right\"><\/i><\/span>\r\n                                        <a href=\"\/fr\/en\/expertise\/us-operations\/\" title=\"Op\u00e9rations\">                    Omnichannel Logistics and warehousing                    <\/a>                <\/li>\r\n                                                                        <li class=\"item-list gel-list-item\">\r\n                                            <span class=\"list-type\"><i class=\"fal fa-arrow-alt-circle-right\"><\/i><\/span>\r\n                                        <a href=\"\/fr\/en\/expertise\/us-operations\/\" title=\"Op\u00e9rations\">                    Exp\u00e9dition, logistique de retours                    <\/a>                <\/li>\r\n                                                                        <li class=\"item-list gel-list-item\">\r\n                                            <span class=\"list-type\"><i class=\"fal fa-arrow-alt-circle-right\"><\/i><\/span>\r\n                                        <a href=\"\/fr\/en\/expertise\/after-sales-and-customer-care\/\" title=\"Service apr\u00e8s-vente\">                    Service client                    <\/a>                <\/li>\r\n                                                                        <li class=\"item-list gel-list-item\">\r\n                                            <span class=\"list-type\"><i class=\"fal fa-arrow-alt-circle-right\"><\/i><\/span>\r\n                                        <a href=\"\/fr\/en\/expertise\/e-commerce-management\/\" title=\"e-Distribution\">                    e-Commerce                    <\/a>                <\/li>\r\n                                                                        <li class=\"item-list gel-list-item\">\r\n                                            <span class=\"list-type\"><i class=\"fal fa-arrow-alt-circle-right\"><\/i><\/span>\r\n                                        <a href=\"\/fr\/en\/expertise\/digital-marketing\/\" title=\"Marketing Digital\">                    e-Marketing                    <\/a>                <\/li>\r\n                                                                        <li class=\"item-list gel-list-item\">\r\n                                            <span class=\"list-type\"><i class=\"fal fa-arrow-alt-circle-right\"><\/i><\/span>\r\n                                        <a href=\"\/fr\/en\/expertise\/company-and-employees-hosting\/\" title=\"Virtual office and office lease\">                    BBI makes it simple, we are here to guide you every step of the way.                    <\/a>                <\/li>\r\n                        <\/ul>\r\n<\/div>\r\n<\/div><\/div><\/div><\/div><div class=\"vc_row wpb_row vc_row-fluid\"><div class=\"wpb_column vc_column_container vc_col-sm-12\"><div class=\"vc_column-inner\"><div class=\"wpb_wrapper\"><div class=\"gel-space gel-51326eb3947d299f966d203da7e14930\"><\/div><\/div><\/div><\/div><\/div><div class=\"vc_row wpb_row vc_row-fluid\"><div class=\"wpb_column vc_column_container vc_col-sm-12\"><div class=\"vc_column-inner\"><div class=\"wpb_wrapper\">\n\t<div class=\"wpb_text_column wpb_content_element\" >\n\t\t<div class=\"wpb_wrapper\">\n\t\t\t<blockquote><p>\n<span style=\"color: #449aac;\"><strong>BBI<\/strong><\/span>\u00a0vous simplifie les choses, nous sommes l\u00e0 pour vous guider \u00e0 chaque \u00e9tape.\n<\/p><\/blockquote>\n\n\t\t<\/div>\n\t<\/div>\n<\/div><\/div><\/div><\/div>\n<\/section>","protected":false},"excerpt":{"rendered":"The mission of BBI is to spark opportunity to create success in North America. BBI\u00a0offers a complete suite of back office services on a cost sharing platform, leaving you time to concentrate on your business development while you can rely on a trusted provider to run your operations. Our one stop shop covers all your [...]","protected":false},"author":1,"featured_media":0,"parent":0,"menu_order":0,"comment_status":"closed","ping_status":"closed","template":"","meta":{"footnotes":""},"class_list":["post-4621","page","type-page","status-publish","hentry"],"yoast_head":"<!-- This site is optimized with the Yoast SEO plugin v21.7 - https:\/\/yoast.com\/wordpress\/plugins\/seo\/ -->\n<title>BBI Missions and Statement - BRAND &amp; BUSINESS INCUBATOR<\/title>\n<meta name=\"description\" content=\"BBI is a one stop shop offering a complete suite of 3PL and back office services on a cost sharing platform for foreign and U.S. companies.\" \/>\n<meta name=\"robots\" content=\"index, follow, max-snippet:-1, max-image-preview:large, max-video-preview:-1\" \/>\n<link rel=\"canonical\" href=\"https:\/\/www.bbincubator.com\/fr\/bbi\/who-we-are\/\" \/>\n<meta property=\"og:locale\" content=\"fr_FR\" \/>\n<meta property=\"og:type\" content=\"article\" \/>\n<meta property=\"og:title\" content=\"BBI Missions and Statement - BRAND &amp; BUSINESS INCUBATOR\" \/>\n<meta property=\"og:description\" content=\"BBI is a one stop shop offering a complete suite of 3PL and back office services on a cost sharing platform for foreign and U.S. companies.\" \/>\n<meta property=\"og:url\" content=\"https:\/\/www.bbincubator.com\/fr\/bbi\/who-we-are\/\" \/>\n<meta property=\"og:site_name\" content=\"BRAND &amp; BUSINESS INCUBATOR\" \/>\n<meta property=\"article:publisher\" content=\"https:\/\/www.facebook.com\/pages\/category\/Product-Service\/Brand-Business-Incubator-109051247178688\/\" \/>\n<meta property=\"article:modified_time\" content=\"2025-07-18T14:28:33+00:00\" \/>\n<meta name=\"twitter:card\" content=\"summary_large_image\" \/>\n<meta name=\"twitter:site\" content=\"@BB_Incubator\" \/>\n<meta name=\"twitter:label1\" content=\"Dur\u00e9e de lecture estim\u00e9e\" \/>\n\t<meta name=\"twitter:data1\" content=\"1 minute\" \/>\n<script type=\"application\/ld+json\" class=\"yoast-schema-graph\">{\"@context\":\"https:\/\/schema.org\",\"@graph\":[{\"@type\":\"WebPage\",\"@id\":\"https:\/\/www.bbincubator.com\/bbi\/who-we-are\/\",\"url\":\"https:\/\/www.bbincubator.com\/bbi\/who-we-are\/\",\"name\":\"BBI Missions and Statement - BRAND &amp; BUSINESS INCUBATOR\",\"isPartOf\":{\"@id\":\"https:\/\/www.bbincubator.com\/#website\"},\"datePublished\":\"2020-11-15T21:53:12+00:00\",\"dateModified\":\"2025-07-18T14:28:33+00:00\",\"description\":\"BBI is a one stop shop offering a complete suite of 3PL and back office services on a cost sharing platform for foreign and U.S. companies.\",\"breadcrumb\":{\"@id\":\"https:\/\/www.bbincubator.com\/bbi\/who-we-are\/#breadcrumb\"},\"inLanguage\":\"fr-FR\",\"potentialAction\":[{\"@type\":\"ReadAction\",\"target\":[\"https:\/\/www.bbincubator.com\/bbi\/who-we-are\/\"]}]},{\"@type\":\"BreadcrumbList\",\"@id\":\"https:\/\/www.bbincubator.com\/bbi\/who-we-are\/#breadcrumb\",\"itemListElement\":[{\"@type\":\"ListItem\",\"position\":1,\"name\":\"Home\",\"item\":\"https:\/\/www.bbincubator.com\/\"},{\"@type\":\"ListItem\",\"position\":2,\"name\":\"BBINC-Who we are\"}]},{\"@type\":\"WebSite\",\"@id\":\"https:\/\/www.bbincubator.com\/#website\",\"url\":\"https:\/\/www.bbincubator.com\/\",\"name\":\"BBI\",\"description\":\"We are here to guide you every step of the way\",\"publisher\":{\"@id\":\"https:\/\/www.bbincubator.com\/#organization\"},\"alternateName\":\"BBI\",\"potentialAction\":[{\"@type\":\"SearchAction\",\"target\":{\"@type\":\"EntryPoint\",\"urlTemplate\":\"https:\/\/www.bbincubator.com\/?s={search_term_string}\"},\"query-input\":\"required name=search_term_string\"}],\"inLanguage\":\"fr-FR\"},{\"@type\":\"Organization\",\"@id\":\"https:\/\/www.bbincubator.com\/#organization\",\"name\":\"BRAND & BUSINES INCUBATOR\",\"url\":\"https:\/\/www.bbincubator.com\/\",\"logo\":{\"@type\":\"ImageObject\",\"inLanguage\":\"fr-FR\",\"@id\":\"https:\/\/www.bbincubator.com\/#\/schema\/logo\/image\/\",\"url\":\"https:\/\/www.bbincubator.com\/wp-content\/uploads\/2020\/11\/bbincubator-web-logo-01.png\",\"contentUrl\":\"https:\/\/www.bbincubator.com\/wp-content\/uploads\/2020\/11\/bbincubator-web-logo-01.png\",\"width\":600,\"height\":381,\"caption\":\"BRAND & BUSINES INCUBATOR\"},\"image\":{\"@id\":\"https:\/\/www.bbincubator.com\/#\/schema\/logo\/image\/\"},\"sameAs\":[\"https:\/\/www.facebook.com\/pages\/category\/Product-Service\/Brand-Business-Incubator-109051247178688\/\",\"https:\/\/twitter.com\/BB_Incubator\",\"https:\/\/www.youtube.com\/channel\/UCdLxYJoCvqo-9Uk5wVHQyUw\",\"https:\/\/www.instagram.com\/bbincubator\/\"]}]}<\/script>\n<!-- \/ Yoast SEO plugin. -->","yoast_head_json":{"title":"BBI Missions and Statement - BRAND &amp; BUSINESS INCUBATOR","description":"BBI is a one stop shop offering a complete suite of 3PL and back office services on a cost sharing platform for foreign and U.S. companies.","robots":{"index":"index","follow":"follow","max-snippet":"max-snippet:-1","max-image-preview":"max-image-preview:large","max-video-preview":"max-video-preview:-1"},"canonical":"https:\/\/www.bbincubator.com\/fr\/bbi\/who-we-are\/","og_locale":"fr_FR","og_type":"article","og_title":"BBI Missions and Statement - BRAND &amp; BUSINESS INCUBATOR","og_description":"BBI is a one stop shop offering a complete suite of 3PL and back office services on a cost sharing platform for foreign and U.S. companies.","og_url":"https:\/\/www.bbincubator.com\/fr\/bbi\/who-we-are\/","og_site_name":"BRAND &amp; BUSINESS INCUBATOR","article_publisher":"https:\/\/www.facebook.com\/pages\/category\/Product-Service\/Brand-Business-Incubator-109051247178688\/","article_modified_time":"2025-07-18T14:28:33+00:00","twitter_card":"summary_large_image","twitter_site":"@BB_Incubator","twitter_misc":{"Dur\u00e9e de lecture estim\u00e9e":"1 minute"},"schema":{"@context":"https:\/\/schema.org","@graph":[{"@type":"WebPage","@id":"https:\/\/www.bbincubator.com\/bbi\/who-we-are\/","url":"https:\/\/www.bbincubator.com\/bbi\/who-we-are\/","name":"BBI Missions and Statement - BRAND &amp; BUSINESS INCUBATOR","isPartOf":{"@id":"https:\/\/www.bbincubator.com\/#website"},"datePublished":"2020-11-15T21:53:12+00:00","dateModified":"2025-07-18T14:28:33+00:00","description":"BBI is a one stop shop offering a complete suite of 3PL and back office services on a cost sharing platform for foreign and U.S. companies.","breadcrumb":{"@id":"https:\/\/www.bbincubator.com\/bbi\/who-we-are\/#breadcrumb"},"inLanguage":"fr-FR","potentialAction":[{"@type":"ReadAction","target":["https:\/\/www.bbincubator.com\/bbi\/who-we-are\/"]}]},{"@type":"BreadcrumbList","@id":"https:\/\/www.bbincubator.com\/bbi\/who-we-are\/#breadcrumb","itemListElement":[{"@type":"ListItem","position":1,"name":"Home","item":"https:\/\/www.bbincubator.com\/"},{"@type":"ListItem","position":2,"name":"BBINC-Who we are"}]},{"@type":"WebSite","@id":"https:\/\/www.bbincubator.com\/#website","url":"https:\/\/www.bbincubator.com\/","name":"BBI","description":"We are here to guide you every step of the way","publisher":{"@id":"https:\/\/www.bbincubator.com\/#organization"},"alternateName":"BBI","potentialAction":[{"@type":"SearchAction","target":{"@type":"EntryPoint","urlTemplate":"https:\/\/www.bbincubator.com\/?s={search_term_string}"},"query-input":"required name=search_term_string"}],"inLanguage":"fr-FR"},{"@type":"Organization","@id":"https:\/\/www.bbincubator.com\/#organization","name":"BRAND & BUSINES INCUBATOR","url":"https:\/\/www.bbincubator.com\/","logo":{"@type":"ImageObject","inLanguage":"fr-FR","@id":"https:\/\/www.bbincubator.com\/#\/schema\/logo\/image\/","url":"https:\/\/www.bbincubator.com\/wp-content\/uploads\/2020\/11\/bbincubator-web-logo-01.png","contentUrl":"https:\/\/www.bbincubator.com\/wp-content\/uploads\/2020\/11\/bbincubator-web-logo-01.png","width":600,"height":381,"caption":"BRAND & BUSINES INCUBATOR"},"image":{"@id":"https:\/\/www.bbincubator.com\/#\/schema\/logo\/image\/"},"sameAs":["https:\/\/www.facebook.com\/pages\/category\/Product-Service\/Brand-Business-Incubator-109051247178688\/","https:\/\/twitter.com\/BB_Incubator","https:\/\/www.youtube.com\/channel\/UCdLxYJoCvqo-9Uk5wVHQyUw","https:\/\/www.instagram.com\/bbincubator\/"]}]}},"_links":{"self":[{"href":"https:\/\/www.bbincubator.com\/fr\/wp-json\/wp\/v2\/pages\/4621","targetHints":{"allow":["GET"]}}],"collection":[{"href":"https:\/\/www.bbincubator.com\/fr\/wp-json\/wp\/v2\/pages"}],"about":[{"href":"https:\/\/www.bbincubator.com\/fr\/wp-json\/wp\/v2\/types\/page"}],"author":[{"embeddable":true,"href":"https:\/\/www.bbincubator.com\/fr\/wp-json\/wp\/v2\/users\/1"}],"replies":[{"embeddable":true,"href":"https:\/\/www.bbincubator.com\/fr\/wp-json\/wp\/v2\/comments?post=4621"}],"version-history":[{"count":10,"href":"https:\/\/www.bbincubator.com\/fr\/wp-json\/wp\/v2\/pages\/4621\/revisions"}],"predecessor-version":[{"id":5245,"href":"https:\/\/www.bbincubator.com\/fr\/wp-json\/wp\/v2\/pages\/4621\/revisions\/5245"}],"wp:attachment":[{"href":"https:\/\/www.bbincubator.com\/fr\/wp-json\/wp\/v2\/media?parent=4621"}],"curies":[{"name":"wp","href":"https:\/\/api.w.org\/{rel}","templated":true}]}}