{"id":4298,"date":"2020-11-06T12:35:51","date_gmt":"2020-11-06T18:35:51","guid":{"rendered":"http:\/\/ridersgearworld.com\/?page_id=4298"},"modified":"2025-04-03T15:01:20","modified_gmt":"2025-04-03T21:01:20","slug":"us-market-foreign-companies","status":"publish","type":"page","link":"https:\/\/www.bbincubator.com\/fr\/us-market\/start-your-business-in-the-us\/","title":{"rendered":"BBINC-Foreign Companies"},"content":{"rendered":"<section class=\"wpb-content-wrapper\"><div class=\"vc_row wpb_row vc_row-fluid\"><div class=\"wpb_column vc_column_container vc_col-sm-6\"><div class=\"vc_column-inner\"><div class=\"wpb_wrapper\">\n\t<div class=\"wpb_text_column wpb_content_element\" >\n\t\t<div class=\"wpb_wrapper\">\n\t\t\t<p>D\u00e9marrez votre activit\u00e9 aux \u00c9tats-Unis<\/p>\n<p><span style=\"color: #449aac;\"><strong>BBI<\/strong><\/span> agit comme votre filiale am\u00e9ricaine et suit vos directives. Notre flexibilit\u00e9 facilite la personnalisation de nos services en s\u2019adaptant suivant l\u2019\u00e9volution de vos besoins. Nos services vont de l\u2019h\u00e9bergement l\u00e9gal de filiales \u00e0 la gestion de filiales \u00e0 part enti\u00e8re, notamment :<\/p>\n\n\t\t<\/div>\n\t<\/div>\n<div class=\"gel-list gel-list-style-01  wpb_animate_when_almost_visible wpb_fadeInDown fadeInDown gel-69df26449cd8d gel-69df26449cf3a\">\r\n    <ul class=\"content-list square-type\">\r\n                                                            <li class=\"item-list gel-list-item\">\r\n                                        <a href=\"\/fr\/en\/expertise\/company-and-employees-hosting\/\" title=\"BBInc Company and Employee Hosting\">                    H\u00e9bergement d\u2019employ\u00e9s,                     <\/a>                <\/li>\r\n                                                                        <li class=\"item-list gel-list-item\">\r\n                                        <a href=\"\/fr\/en\/expertise\/drop-ship-and-d2c\/\" title=\"Dropshipping &amp; Direct au client\">                    Plateforme logistique pour B2B, B2C, drop-shipping,                    <\/a>                <\/li>\r\n                                                                        <li class=\"item-list gel-list-item\">\r\n                                                             Gestion du commerce \u00e9lectronique,                                    <\/li>\r\n                                                                        <li class=\"item-list gel-list-item\">\r\n                                        <a href=\"http:\/\/ridersgearworld.com\/en\/expertise\/after-sales-and-customer-care\/\" title=\"Service \u00e0 la client\u00e8le,\">                    Service \u00e0 la client\u00e8le,                    <\/a>                <\/li>\r\n                                                                        <li class=\"item-list gel-list-item\">\r\n                                        <a href=\"\/fr\/en\/expertise\/accounting-and-bookkeeping\/\" title=\"Comptabilit\u00e9\">                    Comptabilit\u00e9,                    <\/a>                <\/li>\r\n                        <\/ul>\r\n<\/div>\r\n<div class=\"vc_empty_space\"   style=\"height: 15px\"><span class=\"vc_empty_space_inner\"><\/span><\/div>\n\t<div class=\"wpb_text_column wpb_content_element\" >\n\t\t<div class=\"wpb_wrapper\">\n\t\t\t<blockquote class=\"wp-block-quote\"><p>\nNotre r\u00e9seau d\u2019experts vous permet de vous concentrer sur la croissance de votre entreprise.\n<\/p><\/blockquote>\n\n\t\t<\/div>\n\t<\/div>\n<\/div><\/div><\/div><div class=\"wpb_column vc_column_container vc_col-sm-6\"><div class=\"vc_column-inner\"><div class=\"wpb_wrapper\">\n\t<div  class=\"wpb_single_image wpb_content_element vc_align_center  wpb_animate_when_almost_visible wpb_fadeIn fadeIn\">\n\t\t\n\t\t<figure class=\"wpb_wrapper vc_figure\">\n\t\t\t<div class=\"vc_single_image-wrapper   vc_box_border_grey\"><img loading=\"lazy\" decoding=\"async\" width=\"2143\" height=\"1830\" src=\"https:\/\/www.bbincubator.com\/wp-content\/uploads\/2020\/11\/busines-process.png\" class=\"vc_single_image-img attachment-full\" alt=\"\" title=\"busines-process\" srcset=\"https:\/\/www.bbincubator.com\/wp-content\/uploads\/2020\/11\/busines-process.png 2143w, https:\/\/www.bbincubator.com\/wp-content\/uploads\/2020\/11\/busines-process-300x256.png 300w, https:\/\/www.bbincubator.com\/wp-content\/uploads\/2020\/11\/busines-process-1024x874.png 1024w, https:\/\/www.bbincubator.com\/wp-content\/uploads\/2020\/11\/busines-process-768x656.png 768w, https:\/\/www.bbincubator.com\/wp-content\/uploads\/2020\/11\/busines-process-1536x1312.png 1536w, https:\/\/www.bbincubator.com\/wp-content\/uploads\/2020\/11\/busines-process-2048x1749.png 2048w\" sizes=\"auto, (max-width: 2143px) 100vw, 2143px\" \/><\/div>\n\t\t<\/figure>\n\t<\/div>\n<\/div><\/div><\/div><\/div><div class=\"vc_row wpb_row vc_row-fluid vc_custom_1604707383547 vc_row-has-fill\"><div class=\"wpb_column vc_column_container vc_col-sm-12\"><div class=\"vc_column-inner\"><div class=\"wpb_wrapper\"><div class=\"gel-heading gel-heading-style-01  wpb_animate_when_almost_visible wpb_fadeIn fadeIn text-left\">\n\t\t\t<div class=\"gel-heading-subtitle\">D\u00c9MARREZ FACILEMENT L\u2019ACTIVIT\u00c9 AM\u00c9RICAINE DE VOTRE ENTREPRISE!<\/div>\n\t\t<h2 class=\"gel-heading-title\">\n\t\tVoir la vid\u00e9o\t<\/h2>\n\t<\/div><div class=\"vc_empty_space\"   style=\"height: 32px\"><span class=\"vc_empty_space_inner\"><\/span><\/div>\n\t<div class=\"wpb_video_widget wpb_content_element vc_clearfix  wpb_animate_when_almost_visible wpb_fadeIn fadeIn  vc_video-aspect-ratio-169 vc_video-el-width-80 vc_video-align-center\" >\n\t\t<div class=\"wpb_wrapper\">\n\t\t\t\n\t\t\t<div class=\"wpb_video_wrapper\"><iframe loading=\"lazy\" title=\"D\u00c9MARREZ FACILEMENT L\u2019ACTIVIT\u00c9 AM\u00c9RICAINE DE VOTRE ENTREPRISE!\" width=\"768\" height=\"432\" src=\"https:\/\/www.youtube.com\/embed\/fA1nMW57T0A?feature=oembed\" frameborder=\"0\" allow=\"accelerometer; autoplay; clipboard-write; encrypted-media; gyroscope; picture-in-picture\" allowfullscreen><\/iframe><\/div>\n\t\t<\/div>\n\t<\/div>\n<\/div><\/div><\/div><\/div>\n<\/section>","protected":false},"excerpt":{"rendered":"Start your business in the USA! BBI operates as your U.S. subsidiary following your guidelines. Our flexibility makes it easy to customize our services to fit your growing needs. Our services ranges from legal subsidiary hosting to full fledged subsidiary management, including: Employee hosting, Logistics platform for B2B, B2C, drop-shipping, E-commerce management, Customer Service, Bookkeeping. [...]","protected":false},"author":1,"featured_media":0,"parent":0,"menu_order":0,"comment_status":"closed","ping_status":"closed","template":"","meta":{"footnotes":""},"class_list":["post-4298","page","type-page","status-publish","hentry"],"yoast_head":"<!-- This site is optimized with the Yoast SEO plugin v21.7 - https:\/\/yoast.com\/wordpress\/plugins\/seo\/ -->\n<title>Start your business in the USA - BRAND &amp; BUSINESS INCUBATOR<\/title>\n<meta name=\"description\" content=\"Start your business in the USA as BBI operates as your U.S. subsidiary following your guidelines.\" \/>\n<meta name=\"robots\" content=\"index, follow, max-snippet:-1, max-image-preview:large, max-video-preview:-1\" \/>\n<link rel=\"canonical\" href=\"https:\/\/www.bbincubator.com\/fr\/us-market\/start-your-business-in-the-us\/\" \/>\n<meta property=\"og:locale\" content=\"fr_FR\" \/>\n<meta property=\"og:type\" content=\"article\" \/>\n<meta property=\"og:title\" content=\"Start your business in the USA - BRAND &amp; BUSINESS INCUBATOR\" \/>\n<meta property=\"og:description\" content=\"Start your business in the USA as BBI operates as your U.S. subsidiary following your guidelines.\" \/>\n<meta property=\"og:url\" content=\"https:\/\/www.bbincubator.com\/fr\/us-market\/start-your-business-in-the-us\/\" \/>\n<meta property=\"og:site_name\" content=\"BRAND &amp; BUSINESS INCUBATOR\" \/>\n<meta property=\"article:publisher\" content=\"https:\/\/www.facebook.com\/pages\/category\/Product-Service\/Brand-Business-Incubator-109051247178688\/\" \/>\n<meta property=\"article:modified_time\" content=\"2025-04-03T21:01:20+00:00\" \/>\n<meta name=\"twitter:card\" content=\"summary_large_image\" \/>\n<meta name=\"twitter:site\" content=\"@BB_Incubator\" \/>\n<meta name=\"twitter:label1\" content=\"Dur\u00e9e de lecture estim\u00e9e\" \/>\n\t<meta name=\"twitter:data1\" content=\"1 minute\" \/>\n<script type=\"application\/ld+json\" class=\"yoast-schema-graph\">{\"@context\":\"https:\/\/schema.org\",\"@graph\":[{\"@type\":\"WebPage\",\"@id\":\"https:\/\/www.bbincubator.com\/us-market\/start-your-business-in-the-us\/\",\"url\":\"https:\/\/www.bbincubator.com\/us-market\/start-your-business-in-the-us\/\",\"name\":\"Start your business in the USA - BRAND &amp; BUSINESS INCUBATOR\",\"isPartOf\":{\"@id\":\"https:\/\/www.bbincubator.com\/#website\"},\"datePublished\":\"2020-11-06T18:35:51+00:00\",\"dateModified\":\"2025-04-03T21:01:20+00:00\",\"description\":\"Start your business in the USA as BBI operates as your U.S. subsidiary following your guidelines.\",\"breadcrumb\":{\"@id\":\"https:\/\/www.bbincubator.com\/us-market\/start-your-business-in-the-us\/#breadcrumb\"},\"inLanguage\":\"fr-FR\",\"potentialAction\":[{\"@type\":\"ReadAction\",\"target\":[\"https:\/\/www.bbincubator.com\/us-market\/start-your-business-in-the-us\/\"]}]},{\"@type\":\"BreadcrumbList\",\"@id\":\"https:\/\/www.bbincubator.com\/us-market\/start-your-business-in-the-us\/#breadcrumb\",\"itemListElement\":[{\"@type\":\"ListItem\",\"position\":1,\"name\":\"Home\",\"item\":\"https:\/\/www.bbincubator.com\/\"},{\"@type\":\"ListItem\",\"position\":2,\"name\":\"BBINC-Foreign Companies\"}]},{\"@type\":\"WebSite\",\"@id\":\"https:\/\/www.bbincubator.com\/#website\",\"url\":\"https:\/\/www.bbincubator.com\/\",\"name\":\"BBI\",\"description\":\"We are here to guide you every step of the way\",\"publisher\":{\"@id\":\"https:\/\/www.bbincubator.com\/#organization\"},\"alternateName\":\"BBI\",\"potentialAction\":[{\"@type\":\"SearchAction\",\"target\":{\"@type\":\"EntryPoint\",\"urlTemplate\":\"https:\/\/www.bbincubator.com\/?s={search_term_string}\"},\"query-input\":\"required name=search_term_string\"}],\"inLanguage\":\"fr-FR\"},{\"@type\":\"Organization\",\"@id\":\"https:\/\/www.bbincubator.com\/#organization\",\"name\":\"BRAND & BUSINES INCUBATOR\",\"url\":\"https:\/\/www.bbincubator.com\/\",\"logo\":{\"@type\":\"ImageObject\",\"inLanguage\":\"fr-FR\",\"@id\":\"https:\/\/www.bbincubator.com\/#\/schema\/logo\/image\/\",\"url\":\"https:\/\/www.bbincubator.com\/wp-content\/uploads\/2020\/11\/bbincubator-web-logo-01.png\",\"contentUrl\":\"https:\/\/www.bbincubator.com\/wp-content\/uploads\/2020\/11\/bbincubator-web-logo-01.png\",\"width\":600,\"height\":381,\"caption\":\"BRAND & BUSINES INCUBATOR\"},\"image\":{\"@id\":\"https:\/\/www.bbincubator.com\/#\/schema\/logo\/image\/\"},\"sameAs\":[\"https:\/\/www.facebook.com\/pages\/category\/Product-Service\/Brand-Business-Incubator-109051247178688\/\",\"https:\/\/twitter.com\/BB_Incubator\",\"https:\/\/www.youtube.com\/channel\/UCdLxYJoCvqo-9Uk5wVHQyUw\",\"https:\/\/www.instagram.com\/bbincubator\/\"]}]}<\/script>\n<!-- \/ Yoast SEO plugin. -->","yoast_head_json":{"title":"Start your business in the USA - BRAND &amp; BUSINESS INCUBATOR","description":"Start your business in the USA as BBI operates as your U.S. subsidiary following your guidelines.","robots":{"index":"index","follow":"follow","max-snippet":"max-snippet:-1","max-image-preview":"max-image-preview:large","max-video-preview":"max-video-preview:-1"},"canonical":"https:\/\/www.bbincubator.com\/fr\/us-market\/start-your-business-in-the-us\/","og_locale":"fr_FR","og_type":"article","og_title":"Start your business in the USA - BRAND &amp; BUSINESS INCUBATOR","og_description":"Start your business in the USA as BBI operates as your U.S. subsidiary following your guidelines.","og_url":"https:\/\/www.bbincubator.com\/fr\/us-market\/start-your-business-in-the-us\/","og_site_name":"BRAND &amp; BUSINESS INCUBATOR","article_publisher":"https:\/\/www.facebook.com\/pages\/category\/Product-Service\/Brand-Business-Incubator-109051247178688\/","article_modified_time":"2025-04-03T21:01:20+00:00","twitter_card":"summary_large_image","twitter_site":"@BB_Incubator","twitter_misc":{"Dur\u00e9e de lecture estim\u00e9e":"1 minute"},"schema":{"@context":"https:\/\/schema.org","@graph":[{"@type":"WebPage","@id":"https:\/\/www.bbincubator.com\/us-market\/start-your-business-in-the-us\/","url":"https:\/\/www.bbincubator.com\/us-market\/start-your-business-in-the-us\/","name":"Start your business in the USA - BRAND &amp; BUSINESS INCUBATOR","isPartOf":{"@id":"https:\/\/www.bbincubator.com\/#website"},"datePublished":"2020-11-06T18:35:51+00:00","dateModified":"2025-04-03T21:01:20+00:00","description":"Start your business in the USA as BBI operates as your U.S. subsidiary following your guidelines.","breadcrumb":{"@id":"https:\/\/www.bbincubator.com\/us-market\/start-your-business-in-the-us\/#breadcrumb"},"inLanguage":"fr-FR","potentialAction":[{"@type":"ReadAction","target":["https:\/\/www.bbincubator.com\/us-market\/start-your-business-in-the-us\/"]}]},{"@type":"BreadcrumbList","@id":"https:\/\/www.bbincubator.com\/us-market\/start-your-business-in-the-us\/#breadcrumb","itemListElement":[{"@type":"ListItem","position":1,"name":"Home","item":"https:\/\/www.bbincubator.com\/"},{"@type":"ListItem","position":2,"name":"BBINC-Foreign Companies"}]},{"@type":"WebSite","@id":"https:\/\/www.bbincubator.com\/#website","url":"https:\/\/www.bbincubator.com\/","name":"BBI","description":"We are here to guide you every step of the way","publisher":{"@id":"https:\/\/www.bbincubator.com\/#organization"},"alternateName":"BBI","potentialAction":[{"@type":"SearchAction","target":{"@type":"EntryPoint","urlTemplate":"https:\/\/www.bbincubator.com\/?s={search_term_string}"},"query-input":"required name=search_term_string"}],"inLanguage":"fr-FR"},{"@type":"Organization","@id":"https:\/\/www.bbincubator.com\/#organization","name":"BRAND & BUSINES INCUBATOR","url":"https:\/\/www.bbincubator.com\/","logo":{"@type":"ImageObject","inLanguage":"fr-FR","@id":"https:\/\/www.bbincubator.com\/#\/schema\/logo\/image\/","url":"https:\/\/www.bbincubator.com\/wp-content\/uploads\/2020\/11\/bbincubator-web-logo-01.png","contentUrl":"https:\/\/www.bbincubator.com\/wp-content\/uploads\/2020\/11\/bbincubator-web-logo-01.png","width":600,"height":381,"caption":"BRAND & BUSINES INCUBATOR"},"image":{"@id":"https:\/\/www.bbincubator.com\/#\/schema\/logo\/image\/"},"sameAs":["https:\/\/www.facebook.com\/pages\/category\/Product-Service\/Brand-Business-Incubator-109051247178688\/","https:\/\/twitter.com\/BB_Incubator","https:\/\/www.youtube.com\/channel\/UCdLxYJoCvqo-9Uk5wVHQyUw","https:\/\/www.instagram.com\/bbincubator\/"]}]}},"_links":{"self":[{"href":"https:\/\/www.bbincubator.com\/fr\/wp-json\/wp\/v2\/pages\/4298","targetHints":{"allow":["GET"]}}],"collection":[{"href":"https:\/\/www.bbincubator.com\/fr\/wp-json\/wp\/v2\/pages"}],"about":[{"href":"https:\/\/www.bbincubator.com\/fr\/wp-json\/wp\/v2\/types\/page"}],"author":[{"embeddable":true,"href":"https:\/\/www.bbincubator.com\/fr\/wp-json\/wp\/v2\/users\/1"}],"replies":[{"embeddable":true,"href":"https:\/\/www.bbincubator.com\/fr\/wp-json\/wp\/v2\/comments?post=4298"}],"version-history":[{"count":24,"href":"https:\/\/www.bbincubator.com\/fr\/wp-json\/wp\/v2\/pages\/4298\/revisions"}],"predecessor-version":[{"id":5196,"href":"https:\/\/www.bbincubator.com\/fr\/wp-json\/wp\/v2\/pages\/4298\/revisions\/5196"}],"wp:attachment":[{"href":"https:\/\/www.bbincubator.com\/fr\/wp-json\/wp\/v2\/media?parent=4298"}],"curies":[{"name":"wp","href":"https:\/\/api.w.org\/{rel}","templated":true}]}}