{"id":4295,"date":"2020-11-06T12:19:55","date_gmt":"2020-11-06T18:19:55","guid":{"rendered":"http:\/\/ridersgearworld.com\/?page_id=4295"},"modified":"2025-04-03T16:23:44","modified_gmt":"2025-04-03T22:23:44","slug":"us-market-traditional-distribution","status":"publish","type":"page","link":"https:\/\/www.bbincubator.com\/fr\/us-market\/traditional-distribution\/","title":{"rendered":"BBINC-Traditional Distribution"},"content":{"rendered":"<section class=\"wpb-content-wrapper\"><div class=\"vc_row wpb_row vc_row-fluid\"><div class=\"wpb_column vc_column_container vc_col-sm-12\"><div class=\"vc_column-inner\"><div class=\"wpb_wrapper\"><\/div><\/div><\/div><\/div><div class=\"vc_row wpb_row vc_row-fluid\"><div class=\"wpb_animate_when_almost_visible wpb_fadeIn fadeIn wpb_column vc_column_container vc_col-sm-6\"><div class=\"vc_column-inner\"><div class=\"wpb_wrapper\"><div class=\"gel-heading gel-heading-style-01 text-left\">\n\t\t\t<div class=\"gel-heading-subtitle\">ENTREZ FACILEMENT SUR LE MARCH\u00c9 AM\u00c9RICAIN<\/div>\n\t\t<h2 class=\"gel-heading-title gel-a5c2154c7ae44f17f116baa16aa04637\">\n\t\tMeilleure strat\u00e9gie pour la distribution traditionnelle!\t<\/h2>\n\t<\/div><div class=\"gel-space gel-1cadb2ea167eed6f3bc17c57161cf65f\"><\/div>\n\t<div class=\"wpb_text_column wpb_content_element\" >\n\t\t<div class=\"wpb_wrapper\">\n\t\t\t<p>Un d\u00e9veloppement durable aux \u00c9tats-Unis vient de la mise en place d\u2019une strat\u00e9gie claire de simplicit\u00e9, d\u2019adaptabilit\u00e9, de r\u00e9activit\u00e9 et de proximit\u00e9.<\/p>\n<p><span style=\"color: #449aac;\"><strong>BBI<\/strong><\/span>\u2019s\u00a0<a href=\"\/fr\/en\/brand-and-business-incubator\/offices-and-warehouses\/\">offices and warehouse<\/a> Les bureaux et les entrep\u00f4ts de BRAND &amp; BUSINESS INCUBATOR sont \u00e0 votre disposition pour r\u00e9duire vos risques tout en faisant cro\u00eetre votre entreprise aux \u00c9tats-Unis :<\/p>\n\n\t\t<\/div>\n\t<\/div>\n<div class=\"gel-list gel-list-style-01 gel-69dfc8306200e\">\r\n    <ul class=\"content-list icon_list\">\r\n                                                            <li class=\"item-list gel-list-item\">\r\n                                            <span class=\"list-type\"><i class=\"fal fa-arrow-alt-circle-right\"><\/i><\/span>\r\n                                                            Pas besoin de s\u2019engager sur des baux de bureaux ou d\u2019entrep\u00f4ts \u00e0 long terme,                                    <\/li>\r\n                                                                        <li class=\"item-list gel-list-item\">\r\n                                            <span class=\"list-type\"><i class=\"fal fa-arrow-alt-circle-right\"><\/i><\/span>\r\n                                                            R\u00e9duisez votre risque de recrutement et de formation,                                    <\/li>\r\n                                                                        <li class=\"item-list gel-list-item\">\r\n                                            <span class=\"list-type\"><i class=\"fal fa-arrow-alt-circle-right\"><\/i><\/span>\r\n                                                            Contr\u00f4lez vos co\u00fbts de back-office.                                    <\/li>\r\n                        <\/ul>\r\n<\/div>\r\n<\/div><\/div><\/div><div class=\"wpb_animate_when_almost_visible wpb_fadeIn fadeIn wpb_column vc_column_container vc_col-sm-6 g5element-animation-65b55f9cf93fe88e02a5d53a3e7e503c\"><div class=\"vc_column-inner\"><div class=\"wpb_wrapper\"><div class=\"gel-heading gel-heading-style-01 text-left\">\n\t\t\t<div class=\"gel-heading-subtitle\">RELEVER LE D\u00c9FI<\/div>\n\t\t<h2 class=\"gel-heading-title gel-a5c2154c7ae44f17f116baa16aa04637\">\n\t\tSolutions d\u2019affaires pour tous les besoins\t<\/h2>\n\t<\/div><div class=\"gel-space gel-1cadb2ea167eed6f3bc17c57161cf65f\"><\/div>\n\t<div class=\"wpb_text_column wpb_content_element\" >\n\t\t<div class=\"wpb_wrapper\">\n\t\t\t<p>Lorsque vous choisissez d\u2019h\u00e9berger vos op\u00e9rations avec BBInc, <span style=\"color: #449aac;\"><strong>BBI<\/strong><\/span>vous vous le temps de vous concentrer sur votre d\u00e9veloppement commercial. <span style=\"color: #449aac;\"><strong>BBI<\/strong><\/span>\u00a0BBInc fournira :<\/p>\n\n\t\t<\/div>\n\t<\/div>\n<div class=\"gel-list gel-list-style-01 gel-69dfc83062a7d\">\r\n    <ul class=\"content-list icon_list\">\r\n                                                            <li class=\"item-list gel-list-item\">\r\n                                            <span class=\"list-type\"><i class=\"fal fa-arrow-alt-circle-right\"><\/i><\/span>\r\n                                                            Connaissance approfondie des canaux de distribution am\u00e9ricains de Business to Business (B2B), Business to Customer (B2C), drop shipping, plateformes compatibles EDI, etc.                                    <\/li>\r\n                                                                        <li class=\"item-list gel-list-item\">\r\n                                            <span class=\"list-type\"><i class=\"fal fa-arrow-alt-circle-right\"><\/i><\/span>\r\n                                        <a href=\"\/fr\/en\/expertise\/us-operations\/\">                    Distribution nationale \u00e0 partir de notre plaque tournante centrale de Chicago,                    <\/a>                <\/li>\r\n                                                                        <li class=\"item-list gel-list-item\">\r\n                                            <span class=\"list-type\"><i class=\"fal fa-arrow-alt-circle-right\"><\/i><\/span>\r\n                                        <a href=\"\/fr\/en\/expertise\/after-sales-and-customer-care\/\">                    Service \u00e0 la client\u00e8le,                    <\/a>                <\/li>\r\n                                                                        <li class=\"item-list gel-list-item\">\r\n                                            <span class=\"list-type\"><i class=\"fal fa-arrow-alt-circle-right\"><\/i><\/span>\r\n                                        <a href=\"\/fr\/en\/expertise\/accounting-and-bookkeeping\/\">                    Comptabilit\u00e9,                    <\/a>                <\/li>\r\n                                                                        <li class=\"item-list gel-list-item\">\r\n                                            <span class=\"list-type\"><i class=\"fal fa-arrow-alt-circle-right\"><\/i><\/span>\r\n                                        <a href=\"\/fr\/en\/expertise\/company-and-employees-hosting\/\">                    Espace de r\u00e9union et d\u2019\u00e9v\u00e9nement pour accueillir vos clients au centre de Chicago.                    <\/a>                <\/li>\r\n                        <\/ul>\r\n<\/div>\r\n<\/div><\/div><\/div><\/div><div class=\"vc_row wpb_row vc_row-fluid\"><div class=\"wpb_column vc_column_container vc_col-sm-12\"><div class=\"vc_column-inner\"><div class=\"wpb_wrapper\"><div class=\"gel-space gel-51326eb3947d299f966d203da7e14930\"><\/div><\/div><\/div><\/div><\/div><div class=\"vc_row wpb_row vc_row-fluid\"><div class=\"wpb_column vc_column_container vc_col-sm-12\"><div class=\"vc_column-inner\"><div class=\"wpb_wrapper\"><div class=\"gel-heading gel-heading-style-01 text-left\">\n\t\t\t<div class=\"gel-heading-subtitle\">% DU CO\u00dbT D\u2019EXPLOITATION<\/div>\n\t\t<h2 class=\"gel-heading-title gel-a5c2154c7ae44f17f116baa16aa04637\">\n\t\tBBI vs Independent operation\t<\/h2>\n\t\t\t<p class=\"gel-heading-description\">Compared cost of operation between BBI Solution and Independent operation in % of U.S. Sales. For illustrative purpose only.<\/p>\n\t<\/div><div class=\"gel-space gel-1cadb2ea167eed6f3bc17c57161cf65f\"><\/div>\n<div class=\"vc_chart vc_line-chart wpb_content_element wpb_animate_when_almost_visible wpb_fadeIn fadeIn\" data-vc-legend=\"1\" data-vc-tooltips=\"1\" data-vc-animation=\"easeOutBounce\" data-vc-type=\"line\" data-vc-values=\"{&quot;labels&quot;:[&quot;$100K&quot;,&quot; $250K&quot;,&quot; $750K&quot;,&quot; $1.2M&quot;,&quot; $1.8M&quot;,&quot; $2.5M&quot;,&quot; $3.5M&quot;,&quot; $4.5M&quot;,&quot; $5.5M&quot;,&quot; $6M&quot;],&quot;datasets&quot;:[{&quot;label&quot;:&quot;Independent Operations (%)&quot;,&quot;borderColor&quot;:&quot;#5472d2&quot;,&quot;backgroundColor&quot;:&quot;#5472d2&quot;,&quot;data&quot;:[&quot;120&quot;,&quot; 117&quot;,&quot; 109&quot;,&quot; 95&quot;,&quot; 80&quot;,&quot; 60&quot;,&quot; 45&quot;,&quot; 34&quot;,&quot; 26&quot;,&quot; 22&quot;]},{&quot;label&quot;:&quot;BBInc Solution (%)&quot;,&quot;borderColor&quot;:&quot;#f7be68&quot;,&quot;backgroundColor&quot;:&quot;#f7be68&quot;,&quot;data&quot;:[&quot;65&quot;,&quot; 57&quot;,&quot; 45&quot;,&quot; 30&quot;,&quot; 21&quot;,&quot; 17&quot;,&quot; 14&quot;,&quot; 11&quot;,&quot; 10&quot;,&quot; 9&quot;]}]}\">\n\t\n\t<div class=\"wpb_wrapper\">\n\t\t<canvas class=\"vc_line-chart-canvas\" width=\"1\" height=\"1\"><\/canvas>\n\t<\/div>\n<\/div>\n<\/div><\/div><\/div><\/div><div class=\"vc_row wpb_row vc_row-fluid\"><div class=\"wpb_column vc_column_container vc_col-sm-12\"><div class=\"vc_column-inner\"><div class=\"wpb_wrapper\"><div class=\"gel-space gel-51326eb3947d299f966d203da7e14930\"><\/div><\/div><\/div><\/div><\/div><div class=\"vc_row wpb_row vc_row-fluid wpb_animate_when_almost_visible wpb_fadeIn fadeIn\"><div class=\"wpb_column vc_column_container vc_col-sm-12\"><div class=\"vc_column-inner\"><div class=\"wpb_wrapper\">\n\t<div class=\"wpb_text_column wpb_content_element\" >\n\t\t<div class=\"wpb_wrapper\">\n\t\t\t<blockquote><p>\nBBI makes it simple, we are here to guide you every step of the way while you maintain control of your operations and retain your full flexibility.\n<\/p><\/blockquote>\n\n\t\t<\/div>\n\t<\/div>\n<\/div><\/div><\/div><\/div>\n<\/section>","protected":false},"excerpt":{"rendered":"Enter the US Market easily Best Strategy for traditional distribution! Successful development in the US comes from applying a clear strategy of simplicity, adaptability, reactivity, and proximity. BBI\u2019s\u00a0offices and warehouse are available for you to lower your risks while growing your US business: No need to commit to long term office or warehouse leases, Reduce [...]","protected":false},"author":1,"featured_media":0,"parent":0,"menu_order":0,"comment_status":"closed","ping_status":"closed","template":"","meta":{"footnotes":""},"class_list":["post-4295","page","type-page","status-publish","hentry"],"yoast_head":"<!-- This site is optimized with the Yoast SEO plugin v21.7 - https:\/\/yoast.com\/wordpress\/plugins\/seo\/ -->\n<title>Traditional distribution in the U.S. - BRAND &amp; BUSINESS INCUBATOR<\/title>\n<meta name=\"description\" content=\"BBI\u00a0offices and warehouse are available for you to lower your risks while growing your U.S. business so you stay focus on your development.\" \/>\n<meta name=\"robots\" content=\"index, follow, max-snippet:-1, max-image-preview:large, max-video-preview:-1\" \/>\n<link rel=\"canonical\" href=\"https:\/\/www.bbincubator.com\/fr\/us-market\/traditional-distribution\/\" \/>\n<meta property=\"og:locale\" content=\"fr_FR\" \/>\n<meta property=\"og:type\" content=\"article\" \/>\n<meta property=\"og:title\" content=\"Traditional distribution in the U.S. - BRAND &amp; BUSINESS INCUBATOR\" \/>\n<meta property=\"og:description\" content=\"BBI\u00a0offices and warehouse are available for you to lower your risks while growing your U.S. business so you stay focus on your development.\" \/>\n<meta property=\"og:url\" content=\"https:\/\/www.bbincubator.com\/fr\/us-market\/traditional-distribution\/\" \/>\n<meta property=\"og:site_name\" content=\"BRAND &amp; BUSINESS INCUBATOR\" \/>\n<meta property=\"article:publisher\" content=\"https:\/\/www.facebook.com\/pages\/category\/Product-Service\/Brand-Business-Incubator-109051247178688\/\" \/>\n<meta property=\"article:modified_time\" content=\"2025-04-03T22:23:44+00:00\" \/>\n<meta name=\"twitter:card\" content=\"summary_large_image\" \/>\n<meta name=\"twitter:site\" content=\"@BB_Incubator\" \/>\n<meta name=\"twitter:label1\" content=\"Dur\u00e9e de lecture estim\u00e9e\" \/>\n\t<meta name=\"twitter:data1\" content=\"1 minute\" \/>\n<script type=\"application\/ld+json\" class=\"yoast-schema-graph\">{\"@context\":\"https:\/\/schema.org\",\"@graph\":[{\"@type\":\"WebPage\",\"@id\":\"https:\/\/www.bbincubator.com\/us-market\/traditional-distribution\/\",\"url\":\"https:\/\/www.bbincubator.com\/us-market\/traditional-distribution\/\",\"name\":\"Traditional distribution in the U.S. - BRAND &amp; BUSINESS INCUBATOR\",\"isPartOf\":{\"@id\":\"https:\/\/www.bbincubator.com\/#website\"},\"datePublished\":\"2020-11-06T18:19:55+00:00\",\"dateModified\":\"2025-04-03T22:23:44+00:00\",\"description\":\"BBI\u00a0offices and warehouse are available for you to lower your risks while growing your U.S. business so you stay focus on your development.\",\"breadcrumb\":{\"@id\":\"https:\/\/www.bbincubator.com\/us-market\/traditional-distribution\/#breadcrumb\"},\"inLanguage\":\"fr-FR\",\"potentialAction\":[{\"@type\":\"ReadAction\",\"target\":[\"https:\/\/www.bbincubator.com\/us-market\/traditional-distribution\/\"]}]},{\"@type\":\"BreadcrumbList\",\"@id\":\"https:\/\/www.bbincubator.com\/us-market\/traditional-distribution\/#breadcrumb\",\"itemListElement\":[{\"@type\":\"ListItem\",\"position\":1,\"name\":\"Home\",\"item\":\"https:\/\/www.bbincubator.com\/\"},{\"@type\":\"ListItem\",\"position\":2,\"name\":\"BBINC-Traditional Distribution\"}]},{\"@type\":\"WebSite\",\"@id\":\"https:\/\/www.bbincubator.com\/#website\",\"url\":\"https:\/\/www.bbincubator.com\/\",\"name\":\"BBI\",\"description\":\"We are here to guide you every step of the way\",\"publisher\":{\"@id\":\"https:\/\/www.bbincubator.com\/#organization\"},\"alternateName\":\"BBI\",\"potentialAction\":[{\"@type\":\"SearchAction\",\"target\":{\"@type\":\"EntryPoint\",\"urlTemplate\":\"https:\/\/www.bbincubator.com\/?s={search_term_string}\"},\"query-input\":\"required name=search_term_string\"}],\"inLanguage\":\"fr-FR\"},{\"@type\":\"Organization\",\"@id\":\"https:\/\/www.bbincubator.com\/#organization\",\"name\":\"BRAND & BUSINES INCUBATOR\",\"url\":\"https:\/\/www.bbincubator.com\/\",\"logo\":{\"@type\":\"ImageObject\",\"inLanguage\":\"fr-FR\",\"@id\":\"https:\/\/www.bbincubator.com\/#\/schema\/logo\/image\/\",\"url\":\"https:\/\/www.bbincubator.com\/wp-content\/uploads\/2020\/11\/bbincubator-web-logo-01.png\",\"contentUrl\":\"https:\/\/www.bbincubator.com\/wp-content\/uploads\/2020\/11\/bbincubator-web-logo-01.png\",\"width\":600,\"height\":381,\"caption\":\"BRAND & BUSINES INCUBATOR\"},\"image\":{\"@id\":\"https:\/\/www.bbincubator.com\/#\/schema\/logo\/image\/\"},\"sameAs\":[\"https:\/\/www.facebook.com\/pages\/category\/Product-Service\/Brand-Business-Incubator-109051247178688\/\",\"https:\/\/twitter.com\/BB_Incubator\",\"https:\/\/www.youtube.com\/channel\/UCdLxYJoCvqo-9Uk5wVHQyUw\",\"https:\/\/www.instagram.com\/bbincubator\/\"]}]}<\/script>\n<!-- \/ Yoast SEO plugin. -->","yoast_head_json":{"title":"Traditional distribution in the U.S. - BRAND &amp; BUSINESS INCUBATOR","description":"BBI\u00a0offices and warehouse are available for you to lower your risks while growing your U.S. business so you stay focus on your development.","robots":{"index":"index","follow":"follow","max-snippet":"max-snippet:-1","max-image-preview":"max-image-preview:large","max-video-preview":"max-video-preview:-1"},"canonical":"https:\/\/www.bbincubator.com\/fr\/us-market\/traditional-distribution\/","og_locale":"fr_FR","og_type":"article","og_title":"Traditional distribution in the U.S. - BRAND &amp; BUSINESS INCUBATOR","og_description":"BBI\u00a0offices and warehouse are available for you to lower your risks while growing your U.S. business so you stay focus on your development.","og_url":"https:\/\/www.bbincubator.com\/fr\/us-market\/traditional-distribution\/","og_site_name":"BRAND &amp; BUSINESS INCUBATOR","article_publisher":"https:\/\/www.facebook.com\/pages\/category\/Product-Service\/Brand-Business-Incubator-109051247178688\/","article_modified_time":"2025-04-03T22:23:44+00:00","twitter_card":"summary_large_image","twitter_site":"@BB_Incubator","twitter_misc":{"Dur\u00e9e de lecture estim\u00e9e":"1 minute"},"schema":{"@context":"https:\/\/schema.org","@graph":[{"@type":"WebPage","@id":"https:\/\/www.bbincubator.com\/us-market\/traditional-distribution\/","url":"https:\/\/www.bbincubator.com\/us-market\/traditional-distribution\/","name":"Traditional distribution in the U.S. - BRAND &amp; BUSINESS INCUBATOR","isPartOf":{"@id":"https:\/\/www.bbincubator.com\/#website"},"datePublished":"2020-11-06T18:19:55+00:00","dateModified":"2025-04-03T22:23:44+00:00","description":"BBI\u00a0offices and warehouse are available for you to lower your risks while growing your U.S. business so you stay focus on your development.","breadcrumb":{"@id":"https:\/\/www.bbincubator.com\/us-market\/traditional-distribution\/#breadcrumb"},"inLanguage":"fr-FR","potentialAction":[{"@type":"ReadAction","target":["https:\/\/www.bbincubator.com\/us-market\/traditional-distribution\/"]}]},{"@type":"BreadcrumbList","@id":"https:\/\/www.bbincubator.com\/us-market\/traditional-distribution\/#breadcrumb","itemListElement":[{"@type":"ListItem","position":1,"name":"Home","item":"https:\/\/www.bbincubator.com\/"},{"@type":"ListItem","position":2,"name":"BBINC-Traditional Distribution"}]},{"@type":"WebSite","@id":"https:\/\/www.bbincubator.com\/#website","url":"https:\/\/www.bbincubator.com\/","name":"BBI","description":"We are here to guide you every step of the way","publisher":{"@id":"https:\/\/www.bbincubator.com\/#organization"},"alternateName":"BBI","potentialAction":[{"@type":"SearchAction","target":{"@type":"EntryPoint","urlTemplate":"https:\/\/www.bbincubator.com\/?s={search_term_string}"},"query-input":"required name=search_term_string"}],"inLanguage":"fr-FR"},{"@type":"Organization","@id":"https:\/\/www.bbincubator.com\/#organization","name":"BRAND & BUSINES INCUBATOR","url":"https:\/\/www.bbincubator.com\/","logo":{"@type":"ImageObject","inLanguage":"fr-FR","@id":"https:\/\/www.bbincubator.com\/#\/schema\/logo\/image\/","url":"https:\/\/www.bbincubator.com\/wp-content\/uploads\/2020\/11\/bbincubator-web-logo-01.png","contentUrl":"https:\/\/www.bbincubator.com\/wp-content\/uploads\/2020\/11\/bbincubator-web-logo-01.png","width":600,"height":381,"caption":"BRAND & BUSINES INCUBATOR"},"image":{"@id":"https:\/\/www.bbincubator.com\/#\/schema\/logo\/image\/"},"sameAs":["https:\/\/www.facebook.com\/pages\/category\/Product-Service\/Brand-Business-Incubator-109051247178688\/","https:\/\/twitter.com\/BB_Incubator","https:\/\/www.youtube.com\/channel\/UCdLxYJoCvqo-9Uk5wVHQyUw","https:\/\/www.instagram.com\/bbincubator\/"]}]}},"_links":{"self":[{"href":"https:\/\/www.bbincubator.com\/fr\/wp-json\/wp\/v2\/pages\/4295","targetHints":{"allow":["GET"]}}],"collection":[{"href":"https:\/\/www.bbincubator.com\/fr\/wp-json\/wp\/v2\/pages"}],"about":[{"href":"https:\/\/www.bbincubator.com\/fr\/wp-json\/wp\/v2\/types\/page"}],"author":[{"embeddable":true,"href":"https:\/\/www.bbincubator.com\/fr\/wp-json\/wp\/v2\/users\/1"}],"replies":[{"embeddable":true,"href":"https:\/\/www.bbincubator.com\/fr\/wp-json\/wp\/v2\/comments?post=4295"}],"version-history":[{"count":20,"href":"https:\/\/www.bbincubator.com\/fr\/wp-json\/wp\/v2\/pages\/4295\/revisions"}],"predecessor-version":[{"id":5212,"href":"https:\/\/www.bbincubator.com\/fr\/wp-json\/wp\/v2\/pages\/4295\/revisions\/5212"}],"wp:attachment":[{"href":"https:\/\/www.bbincubator.com\/fr\/wp-json\/wp\/v2\/media?parent=4295"}],"curies":[{"name":"wp","href":"https:\/\/api.w.org\/{rel}","templated":true}]}}