{"id":4207,"date":"2020-11-04T15:47:47","date_gmt":"2020-11-04T21:47:47","guid":{"rendered":"http:\/\/ridersgearworld.com\/?page_id=4207"},"modified":"2025-07-18T09:46:32","modified_gmt":"2025-07-18T15:46:32","slug":"expertise-after-sales-support","status":"publish","type":"page","link":"https:\/\/www.bbincubator.com\/fr\/expertise\/after-sales-and-customer-care\/","title":{"rendered":"BBI-After Sales Support"},"content":{"rendered":"<section class=\"wpb-content-wrapper\"><div class=\"vc_row wpb_row vc_row-fluid\"><div class=\"wpb_column vc_column_container vc_col-sm-12\"><div class=\"vc_column-inner\"><div class=\"wpb_wrapper\">\n\t<div class=\"wpb_text_column wpb_content_element\" >\n\t\t<div class=\"wpb_wrapper\">\n\t\t\t<blockquote><p>\nLe service apr\u00e8s-vente comprend \u00e0 tous les d\u00e9tails qui viennent apr\u00e8s l\u2019achat de votre produit par vos clients. Ce type de suivi est important pour toute entreprise souhaitant d\u00e9velopper sa marque, mais particuli\u00e8rement pour les petites et moyennes entreprises pour lesquelles chaque client doit \u00eatre trait\u00e9 comme votre client le plus important.\n<\/p><\/blockquote>\n\n\t\t<\/div>\n\t<\/div>\n<div class=\"gel-space gel-1cadb2ea167eed6f3bc17c57161cf65f\"><\/div>\n\t<div class=\"wpb_text_column wpb_content_element\" >\n\t\t<div class=\"wpb_wrapper\">\n\t\t\t<p>Il ne suffit plus de dire \u00ab Merci pour votre achat \u00bb une fois une vente faite. <span style=\"color: #449aac;\"><strong>BBI<\/strong>\u00a0<\/span>comprend que le succ\u00e8s \u00e0 long terme repose sur une exp\u00e9rience client m\u00e9morable.<\/p>\n<p><span style=\"color: #449aac;\"><strong>BBI<\/strong><\/span>\u00a0dispose d\u2019une gamme compl\u00e8te de services apr\u00e8s-vente :<\/p>\n\n\t\t<\/div>\n\t<\/div>\n<div class=\"gel-list gel-list-style-01 gel-69dfed63dc978\">\r\n    <ul class=\"content-list icon_list\">\r\n                                                            <li class=\"item-list gel-list-item\">\r\n                                            <span class=\"list-type\"><i class=\"fal fa-arrow-alt-circle-right\"><\/i><\/span>\r\n                                                            Service \u00e0 la client\u00e8le,                                    <\/li>\r\n                                                                        <li class=\"item-list gel-list-item\">\r\n                                            <span class=\"list-type\"><i class=\"fal fa-arrow-alt-circle-right\"><\/i><\/span>\r\n                                                            Gestion du site Web des entreprises et des utilisateurs finaux,                                    <\/li>\r\n                                                                        <li class=\"item-list gel-list-item\">\r\n                                            <span class=\"list-type\"><i class=\"fal fa-arrow-alt-circle-right\"><\/i><\/span>\r\n                                                            Entr\u00e9e et gestion des commandes,                                    <\/li>\r\n                                                                        <li class=\"item-list gel-list-item\">\r\n                                            <span class=\"list-type\"><i class=\"fal fa-arrow-alt-circle-right\"><\/i><\/span>\r\n                                                            Communication et relation client,                                    <\/li>\r\n                                                                        <li class=\"item-list gel-list-item\">\r\n                                            <span class=\"list-type\"><i class=\"fal fa-arrow-alt-circle-right\"><\/i><\/span>\r\n                                                            Tra\u00e7abilit\u00e9, rappel et garantie,                                    <\/li>\r\n                                                                        <li class=\"item-list gel-list-item\">\r\n                                            <span class=\"list-type\"><i class=\"fal fa-arrow-alt-circle-right\"><\/i><\/span>\r\n                                                            Gestion des retours et mise en quarantaine,                                    <\/li>\r\n                        <\/ul>\r\n<\/div>\r\n<\/div><\/div><\/div><\/div><div class=\"vc_row wpb_row vc_row-fluid\"><div class=\"wpb_column vc_column_container vc_col-sm-12\"><div class=\"vc_column-inner\"><div class=\"wpb_wrapper\"><div class=\"gel-space gel-51326eb3947d299f966d203da7e14930\"><\/div><\/div><\/div><\/div><\/div><div data-g5element-full-width=\"true\" class=\"vc_row wpb_row vc_row-fluid wpb_animate_when_almost_visible wpb_fadeIn fadeIn vc_custom_1605475983898 vc_row-has-fill\"><div class=\"wpb_column vc_column_container vc_col-sm-12\"><div class=\"vc_column-inner\"><div class=\"wpb_wrapper\"><div class=\"gel-heading gel-heading-style-01 text-left\">\n\t\t\t<div class=\"gel-heading-subtitle\">EXAMPLE<\/div>\n\t\t<h2 class=\"gel-heading-title gel-a5c2154c7ae44f17f116baa16aa04637\">\n\t\tProduct Warranty\t<\/h2>\n\t<\/div><div class=\"gel-space gel-1cadb2ea167eed6f3bc17c57161cf65f\"><\/div>\n\t<div class=\"wpb_text_column wpb_content_element\" >\n\t\t<div class=\"wpb_wrapper\">\n\t\t\t<p>To best serve your customers, <span style=\"color: #449aac;\"><strong>BBI<\/strong><\/span> can follow your warranty policy. We apply your warranty policies by being the main point of contact for product returns, inspection and exchange.<\/p>\n<p>Nous pouvons mettre en place votre politique de garantie pour vos clients finaux ou vos distributeurs.<\/p>\n\n\t\t<\/div>\n\t<\/div>\n<\/div><\/div><\/div><\/div><div class=\"vc_row-full-width vc_clearfix\"><\/div>\n<\/section>","protected":false},"excerpt":{"rendered":"After sales support refers to all details that come after your valued customers have bought your product. This type of customer aftercare is important for any business to establish brand recognition, but especially for small businesses where every client needs to be treated like your biggest client. It is not enough to say \u201cThank you [...]","protected":false},"author":1,"featured_media":0,"parent":0,"menu_order":0,"comment_status":"closed","ping_status":"closed","template":"","meta":{"footnotes":""},"class_list":["post-4207","page","type-page","status-publish","hentry"],"yoast_head":"<!-- This site is optimized with the Yoast SEO plugin v21.7 - https:\/\/yoast.com\/wordpress\/plugins\/seo\/ -->\n<title>Customer care and after sale support - BRAND &amp; BUSINESS INCUBATOR<\/title>\n<meta name=\"description\" content=\"BBI\u00a0has a complete suite of after sales support services to help you attend your U.S. clients the way they deserve.\" \/>\n<meta name=\"robots\" content=\"index, follow, max-snippet:-1, max-image-preview:large, max-video-preview:-1\" \/>\n<link rel=\"canonical\" href=\"https:\/\/www.bbincubator.com\/fr\/expertise\/after-sales-and-customer-care\/\" \/>\n<meta property=\"og:locale\" content=\"fr_FR\" \/>\n<meta property=\"og:type\" content=\"article\" \/>\n<meta property=\"og:title\" content=\"Customer care and after sale support - BRAND &amp; BUSINESS INCUBATOR\" \/>\n<meta property=\"og:description\" content=\"BBI\u00a0has a complete suite of after sales support services to help you attend your U.S. clients the way they deserve.\" \/>\n<meta property=\"og:url\" content=\"https:\/\/www.bbincubator.com\/fr\/expertise\/after-sales-and-customer-care\/\" \/>\n<meta property=\"og:site_name\" content=\"BRAND &amp; BUSINESS INCUBATOR\" \/>\n<meta property=\"article:publisher\" content=\"https:\/\/www.facebook.com\/pages\/category\/Product-Service\/Brand-Business-Incubator-109051247178688\/\" \/>\n<meta property=\"article:modified_time\" content=\"2025-07-18T15:46:32+00:00\" \/>\n<meta name=\"twitter:card\" content=\"summary_large_image\" \/>\n<meta name=\"twitter:site\" content=\"@BB_Incubator\" \/>\n<meta name=\"twitter:label1\" content=\"Dur\u00e9e de lecture estim\u00e9e\" \/>\n\t<meta name=\"twitter:data1\" content=\"1 minute\" \/>\n<script type=\"application\/ld+json\" class=\"yoast-schema-graph\">{\"@context\":\"https:\/\/schema.org\",\"@graph\":[{\"@type\":\"WebPage\",\"@id\":\"https:\/\/www.bbincubator.com\/expertise\/after-sales-and-customer-care\/\",\"url\":\"https:\/\/www.bbincubator.com\/expertise\/after-sales-and-customer-care\/\",\"name\":\"Customer care and after sale support - BRAND &amp; BUSINESS INCUBATOR\",\"isPartOf\":{\"@id\":\"https:\/\/www.bbincubator.com\/#website\"},\"datePublished\":\"2020-11-04T21:47:47+00:00\",\"dateModified\":\"2025-07-18T15:46:32+00:00\",\"description\":\"BBI\u00a0has a complete suite of after sales support services to help you attend your U.S. clients the way they deserve.\",\"breadcrumb\":{\"@id\":\"https:\/\/www.bbincubator.com\/expertise\/after-sales-and-customer-care\/#breadcrumb\"},\"inLanguage\":\"fr-FR\",\"potentialAction\":[{\"@type\":\"ReadAction\",\"target\":[\"https:\/\/www.bbincubator.com\/expertise\/after-sales-and-customer-care\/\"]}]},{\"@type\":\"BreadcrumbList\",\"@id\":\"https:\/\/www.bbincubator.com\/expertise\/after-sales-and-customer-care\/#breadcrumb\",\"itemListElement\":[{\"@type\":\"ListItem\",\"position\":1,\"name\":\"Home\",\"item\":\"https:\/\/www.bbincubator.com\/\"},{\"@type\":\"ListItem\",\"position\":2,\"name\":\"BBI-After Sales Support\"}]},{\"@type\":\"WebSite\",\"@id\":\"https:\/\/www.bbincubator.com\/#website\",\"url\":\"https:\/\/www.bbincubator.com\/\",\"name\":\"BBI\",\"description\":\"We are here to guide you every step of the way\",\"publisher\":{\"@id\":\"https:\/\/www.bbincubator.com\/#organization\"},\"alternateName\":\"BBI\",\"potentialAction\":[{\"@type\":\"SearchAction\",\"target\":{\"@type\":\"EntryPoint\",\"urlTemplate\":\"https:\/\/www.bbincubator.com\/?s={search_term_string}\"},\"query-input\":\"required name=search_term_string\"}],\"inLanguage\":\"fr-FR\"},{\"@type\":\"Organization\",\"@id\":\"https:\/\/www.bbincubator.com\/#organization\",\"name\":\"BRAND & BUSINES INCUBATOR\",\"url\":\"https:\/\/www.bbincubator.com\/\",\"logo\":{\"@type\":\"ImageObject\",\"inLanguage\":\"fr-FR\",\"@id\":\"https:\/\/www.bbincubator.com\/#\/schema\/logo\/image\/\",\"url\":\"https:\/\/www.bbincubator.com\/wp-content\/uploads\/2020\/11\/bbincubator-web-logo-01.png\",\"contentUrl\":\"https:\/\/www.bbincubator.com\/wp-content\/uploads\/2020\/11\/bbincubator-web-logo-01.png\",\"width\":600,\"height\":381,\"caption\":\"BRAND & BUSINES INCUBATOR\"},\"image\":{\"@id\":\"https:\/\/www.bbincubator.com\/#\/schema\/logo\/image\/\"},\"sameAs\":[\"https:\/\/www.facebook.com\/pages\/category\/Product-Service\/Brand-Business-Incubator-109051247178688\/\",\"https:\/\/twitter.com\/BB_Incubator\",\"https:\/\/www.youtube.com\/channel\/UCdLxYJoCvqo-9Uk5wVHQyUw\",\"https:\/\/www.instagram.com\/bbincubator\/\"]}]}<\/script>\n<!-- \/ Yoast SEO plugin. -->","yoast_head_json":{"title":"Customer care and after sale support - BRAND &amp; BUSINESS INCUBATOR","description":"BBI\u00a0has a complete suite of after sales support services to help you attend your U.S. clients the way they deserve.","robots":{"index":"index","follow":"follow","max-snippet":"max-snippet:-1","max-image-preview":"max-image-preview:large","max-video-preview":"max-video-preview:-1"},"canonical":"https:\/\/www.bbincubator.com\/fr\/expertise\/after-sales-and-customer-care\/","og_locale":"fr_FR","og_type":"article","og_title":"Customer care and after sale support - BRAND &amp; BUSINESS INCUBATOR","og_description":"BBI\u00a0has a complete suite of after sales support services to help you attend your U.S. clients the way they deserve.","og_url":"https:\/\/www.bbincubator.com\/fr\/expertise\/after-sales-and-customer-care\/","og_site_name":"BRAND &amp; BUSINESS INCUBATOR","article_publisher":"https:\/\/www.facebook.com\/pages\/category\/Product-Service\/Brand-Business-Incubator-109051247178688\/","article_modified_time":"2025-07-18T15:46:32+00:00","twitter_card":"summary_large_image","twitter_site":"@BB_Incubator","twitter_misc":{"Dur\u00e9e de lecture estim\u00e9e":"1 minute"},"schema":{"@context":"https:\/\/schema.org","@graph":[{"@type":"WebPage","@id":"https:\/\/www.bbincubator.com\/expertise\/after-sales-and-customer-care\/","url":"https:\/\/www.bbincubator.com\/expertise\/after-sales-and-customer-care\/","name":"Customer care and after sale support - BRAND &amp; BUSINESS INCUBATOR","isPartOf":{"@id":"https:\/\/www.bbincubator.com\/#website"},"datePublished":"2020-11-04T21:47:47+00:00","dateModified":"2025-07-18T15:46:32+00:00","description":"BBI\u00a0has a complete suite of after sales support services to help you attend your U.S. clients the way they deserve.","breadcrumb":{"@id":"https:\/\/www.bbincubator.com\/expertise\/after-sales-and-customer-care\/#breadcrumb"},"inLanguage":"fr-FR","potentialAction":[{"@type":"ReadAction","target":["https:\/\/www.bbincubator.com\/expertise\/after-sales-and-customer-care\/"]}]},{"@type":"BreadcrumbList","@id":"https:\/\/www.bbincubator.com\/expertise\/after-sales-and-customer-care\/#breadcrumb","itemListElement":[{"@type":"ListItem","position":1,"name":"Home","item":"https:\/\/www.bbincubator.com\/"},{"@type":"ListItem","position":2,"name":"BBI-After Sales Support"}]},{"@type":"WebSite","@id":"https:\/\/www.bbincubator.com\/#website","url":"https:\/\/www.bbincubator.com\/","name":"BBI","description":"We are here to guide you every step of the way","publisher":{"@id":"https:\/\/www.bbincubator.com\/#organization"},"alternateName":"BBI","potentialAction":[{"@type":"SearchAction","target":{"@type":"EntryPoint","urlTemplate":"https:\/\/www.bbincubator.com\/?s={search_term_string}"},"query-input":"required name=search_term_string"}],"inLanguage":"fr-FR"},{"@type":"Organization","@id":"https:\/\/www.bbincubator.com\/#organization","name":"BRAND & BUSINES INCUBATOR","url":"https:\/\/www.bbincubator.com\/","logo":{"@type":"ImageObject","inLanguage":"fr-FR","@id":"https:\/\/www.bbincubator.com\/#\/schema\/logo\/image\/","url":"https:\/\/www.bbincubator.com\/wp-content\/uploads\/2020\/11\/bbincubator-web-logo-01.png","contentUrl":"https:\/\/www.bbincubator.com\/wp-content\/uploads\/2020\/11\/bbincubator-web-logo-01.png","width":600,"height":381,"caption":"BRAND & BUSINES INCUBATOR"},"image":{"@id":"https:\/\/www.bbincubator.com\/#\/schema\/logo\/image\/"},"sameAs":["https:\/\/www.facebook.com\/pages\/category\/Product-Service\/Brand-Business-Incubator-109051247178688\/","https:\/\/twitter.com\/BB_Incubator","https:\/\/www.youtube.com\/channel\/UCdLxYJoCvqo-9Uk5wVHQyUw","https:\/\/www.instagram.com\/bbincubator\/"]}]}},"_links":{"self":[{"href":"https:\/\/www.bbincubator.com\/fr\/wp-json\/wp\/v2\/pages\/4207","targetHints":{"allow":["GET"]}}],"collection":[{"href":"https:\/\/www.bbincubator.com\/fr\/wp-json\/wp\/v2\/pages"}],"about":[{"href":"https:\/\/www.bbincubator.com\/fr\/wp-json\/wp\/v2\/types\/page"}],"author":[{"embeddable":true,"href":"https:\/\/www.bbincubator.com\/fr\/wp-json\/wp\/v2\/users\/1"}],"replies":[{"embeddable":true,"href":"https:\/\/www.bbincubator.com\/fr\/wp-json\/wp\/v2\/comments?post=4207"}],"version-history":[{"count":14,"href":"https:\/\/www.bbincubator.com\/fr\/wp-json\/wp\/v2\/pages\/4207\/revisions"}],"predecessor-version":[{"id":5252,"href":"https:\/\/www.bbincubator.com\/fr\/wp-json\/wp\/v2\/pages\/4207\/revisions\/5252"}],"wp:attachment":[{"href":"https:\/\/www.bbincubator.com\/fr\/wp-json\/wp\/v2\/media?parent=4207"}],"curies":[{"name":"wp","href":"https:\/\/api.w.org\/{rel}","templated":true}]}}