{"id":4697,"date":"2020-11-24T18:13:37","date_gmt":"2020-11-25T00:13:37","guid":{"rendered":"http:\/\/ridersgearworld.com\/?page_id=4697"},"modified":"2025-07-18T09:55:02","modified_gmt":"2025-07-18T15:55:02","slug":"expertise-digital-go-to-market","status":"publish","type":"page","link":"https:\/\/www.bbincubator.com\/es\/expertise\/digital-marketing\/","title":{"rendered":"BBINC-Digital Go to Market"},"content":{"rendered":"<section class=\"wpb-content-wrapper\"><div class=\"vc_row wpb_row vc_row-fluid\"><div class=\"wpb_column vc_column_container vc_col-sm-12\"><div class=\"vc_column-inner\"><div class=\"wpb_wrapper\">\n\t<div class=\"wpb_text_column wpb_content_element\" >\n\t\t<div class=\"wpb_wrapper\">\n\t\t\t<p><span style=\"color: #449aac;\"><strong>BBI <\/strong><\/span>puede ayudarlo a iniciar y aumentar sus ventas utilizando las mejores t\u00e1cticas y operaciones digitales de su clase.<\/p>\n<p style=\"margin: 0in; background: white;\"><span style=\"font-family: 'Open Sans',serif; color: #7d7d7d;\">Nuestra soluci\u00f3n de Salida al Mercado Digital es todo en uno y totalmente personalizada, est\u00e1 dise\u00f1ada para que pueda poner en marcha y promocionar su marca y sus productos a trav\u00e9s de los medios en l\u00ednea.\u00a0<\/span><strong><span style=\"font-family: 'Open Sans',serif; color: #449aac;\">BBI<\/span><\/strong><span style=\"font-family: 'Open Sans',serif; color: #7d7d7d;\">\u00a0concibe, implementa y opera una hoja de ruta orientada a resultados para encontrar clientes y consolidar el crecimiento de su negocio a lo largo del tiempo.<\/span><\/p>\n\n\t\t<\/div>\n\t<\/div>\n<\/div><\/div><\/div><\/div><div class=\"vc_row wpb_row vc_row-fluid\"><div class=\"wpb_column vc_column_container vc_col-sm-6\"><div class=\"vc_column-inner\"><div class=\"wpb_wrapper\"><div class=\"gel-heading gel-heading-style-01 text-left\">\n\t\t\t<div class=\"gel-heading-subtitle\">Growth through marketing intelligence<\/div>\n\t\t<h2 class=\"gel-heading-title gel-a5c2154c7ae44f17f116baa16aa04637\">\n\t\te-Marketing offer\t<\/h2>\n\t<\/div><div class=\"gel-space gel-983cb3ff6b8bb88aa98c027e0b4d4a26\"><\/div>\n\t<div class=\"wpb_text_column wpb_content_element\" >\n\t\t<div class=\"wpb_wrapper\">\n\t\t\t<p>Como parte de sus operaciones de crecimiento,\u00a0<span style=\"color: #449aac;\"><strong>BBI<\/strong><\/span>\u00a0se dedica a incrementar sus ventas y profitabilidad:<\/p>\n\n\t\t<\/div>\n\t<\/div>\n<div class=\"gel-list gel-list-style-01 gel-69dfd8072e8ab\">\r\n    <ul class=\"content-list icon_list\">\r\n                                                            <li class=\"item-list gel-list-item\">\r\n                                            <span class=\"list-type\"><i class=\"fal fa-arrow-alt-circle-right\"><\/i><\/span>\r\n                                                            Le ayudamos a aprovechar de sus activos num\u00e9ricos y a desarrollarse en su mercado objetivo                                    <\/li>\r\n                                                                        <li class=\"item-list gel-list-item\">\r\n                                            <span class=\"list-type\"><i class=\"fal fa-arrow-alt-circle-right\"><\/i><\/span>\r\n                                                            Desarrollamos actividades a corto, mediano y largo plazo                                    <\/li>\r\n                                                                        <li class=\"item-list gel-list-item\">\r\n                                            <span class=\"list-type\"><i class=\"fal fa-arrow-alt-circle-right\"><\/i><\/span>\r\n                                                            Nuestro objetivo es de hacer crecer sus ventas y de mejorar su margen                                    <\/li>\r\n                                                                        <li class=\"item-list gel-list-item\">\r\n                                            <span class=\"list-type\"><i class=\"fal fa-arrow-alt-circle-right\"><\/i><\/span>\r\n                                                            Usted queda al mando de sus costos operativos y llega al ROI m\u00e1s rap\u00eddo                                    <\/li>\r\n                        <\/ul>\r\n<\/div>\r\n<\/div><\/div><\/div><div class=\"wpb_column vc_column_container vc_col-sm-6\"><div class=\"vc_column-inner\"><div class=\"wpb_wrapper\"><div class=\"gel-heading gel-heading-style-01 text-left\">\n\t\t\t<div class=\"gel-heading-subtitle\">STEP BY STEP<\/div>\n\t\t<h2 class=\"gel-heading-title gel-a5c2154c7ae44f17f116baa16aa04637\">\n\t\tBuild your online presence\t<\/h2>\n\t<\/div><div class=\"gel-space gel-983cb3ff6b8bb88aa98c027e0b4d4a26\"><\/div>\n\t<div class=\"wpb_text_column wpb_content_element\" >\n\t\t<div class=\"wpb_wrapper\">\n\t\t\t<p><span style=\"color: #449aac;\"><strong>BBI<\/strong><\/span> La soluci\u00f3n Salida al Mercado de BRAND &amp; BUSINESS INCUBATOR le ofrece una iniciativa pr\u00e1ctica y pragm\u00e1tica que incluye:<\/p>\n\n\t\t<\/div>\n\t<\/div>\n<div class=\"gel-list gel-list-style-01 gel-69dfd8072f1be\">\r\n    <ul class=\"content-list icon_list\">\r\n                                                            <li class=\"item-list gel-list-item\">\r\n                                            <span class=\"list-type\"><i class=\"fal fa-arrow-alt-circle-right\"><\/i><\/span>\r\n                                                            Planificaci\u00f3n Estrat\u00e9gica de Mercadeo                                    <\/li>\r\n                                                                        <li class=\"item-list gel-list-item\">\r\n                                            <span class=\"list-type\"><i class=\"fal fa-arrow-alt-circle-right\"><\/i><\/span>\r\n                                                            Alineaci\u00f3n de posicionamiento de marca y producto                                    <\/li>\r\n                                                                        <li class=\"item-list gel-list-item\">\r\n                                            <span class=\"list-type\"><i class=\"fal fa-arrow-alt-circle-right\"><\/i><\/span>\r\n                                                            Creaci\u00f3n de activos digitales                                    <\/li>\r\n                                                                        <li class=\"item-list gel-list-item\">\r\n                                            <span class=\"list-type\"><i class=\"fal fa-arrow-alt-circle-right\"><\/i><\/span>\r\n                                                            Generaci\u00f3n de tr\u00e1fico a trav\u00e9s de publicidad, SEO, email y mercadeo social                                    <\/li>\r\n                                                                        <li class=\"item-list gel-list-item\">\r\n                                            <span class=\"list-type\"><i class=\"fal fa-arrow-alt-circle-right\"><\/i><\/span>\r\n                                                            Optimizaci\u00f3n de conversi\u00f3n y rendimiento                                    <\/li>\r\n                                                                        <li class=\"item-list gel-list-item\">\r\n                                            <span class=\"list-type\"><i class=\"fal fa-arrow-alt-circle-right\"><\/i><\/span>\r\n                                                            Datos de mercado e inteligencia de negocios                                    <\/li>\r\n                                                                        <li class=\"item-list gel-list-item\">\r\n                                            <span class=\"list-type\"><i class=\"fal fa-arrow-alt-circle-right\"><\/i><\/span>\r\n                                                            Informes detallados y gesti\u00f3n del ROI                                    <\/li>\r\n                        <\/ul>\r\n<\/div>\r\n<\/div><\/div><\/div><\/div><div class=\"vc_row wpb_row vc_row-fluid\"><div class=\"wpb_column vc_column_container vc_col-sm-12\"><div class=\"vc_column-inner\"><div class=\"wpb_wrapper\"><div class=\"gel-space gel-013a6c5c737e93e455c2c21fbb817136\"><\/div><\/div><\/div><\/div><\/div><div data-g5element-full-width=\"true\" class=\"vc_row wpb_row vc_row-fluid wpb_animate_when_almost_visible wpb_fadeIn fadeIn vc_custom_1606267437444 vc_row-has-fill position-relative\">\t\t<div class=\"g5element-bg-parallax g5element-bg-full g5element-bg-vparallax\"\n\t\t     \t\t\t     data-g5element-parallax-speed=\"0.5\"\n\t\t     \t\t     style=\"background-image: url(https:\/\/www.bbincubator.com\/wp-content\/uploads\/2020\/11\/20b.png);;background-size: cover;background-repeat: no-repeat;background-attachment: scroll\">\n\t\t<\/div>\n\t\t<div class=\"wpb_column vc_column_container vc_col-sm-12\"><div class=\"vc_column-inner\"><div class=\"wpb_wrapper\"><div class=\"gel-space gel-51326eb3947d299f966d203da7e14930\"><\/div><div class=\"gel-heading gel-heading-style-02 text-center has-line-separator gel-69dfd807309bf\">\n\t\t\t<div class=\"gel-heading-subtitle gel-4fc256a5a2625635dfa229f8b382ea59\">RUTA AL EXITO<\/div>\n\t\t<h2 class=\"gel-heading-title gel-94c1e21ec7867ceb81ccca397992c831\">\n\t\tUna metodolog\u00eda en 3 etapas\t<\/h2>\n\t\t\t<div class=\"gel-heading-separate\">\n\t\t<\/div>\n\t<\/div><\/div><\/div><\/div><div class=\"wpb_column vc_column_container vc_col-sm-6\"><div class=\"vc_column-inner\"><div class=\"wpb_wrapper\"><div class=\"gel-space gel-d6a4e7c1bf239c475d354289cb59435d\"><\/div>\n\t<div class=\"wpb_text_column wpb_content_element\" >\n\t\t<div class=\"wpb_wrapper\">\n\t\t\t<p><span style=\"color: #c2c2c2;\">Nuestra soluci\u00f3n de Go-To-Market propone un priceso sistematico en 3 fases. As\u00ed, su estrateg\u00eda de mercado se enfoca en el \u00e9xito de las operaciones.<\/span><\/p>\n\n\t\t<\/div>\n\t<\/div>\n<div class=\"gel-list gel-list-style-01 gel-69dfd807314cd gel-69dfd807314e1\">\r\n    <ul class=\"content-list number-type\">\r\n                                                            <li class=\"item-list gel-list-item gel-94c1e21ec7867ceb81ccca397992c831\">\r\n                                                            Planificaci\u00f3n de las operaciones: Definimos juntos el alcance para concibir una estrateg\u00eda y un plan de marcha factibles.                                    <\/li>\r\n                                                                        <li class=\"item-list gel-list-item gel-94c1e21ec7867ceb81ccca397992c831\">\r\n                                                            Alineamiento Marketing: Alineamos nuestros herramientas de Marketing al mercadoy los optimizamos para llegar abuenos resultados.                                    <\/li>\r\n                                                                        <li class=\"item-list gel-list-item gel-94c1e21ec7867ceb81ccca397992c831\">\r\n                                                            Manejo de las operaciones tacticas: Implementamos el plan de acciones, lanzamos las actividades tacticas y las optimizamos para favorecer su exito a largo plazo.                                    <\/li>\r\n                        <\/ul>\r\n<\/div>\r\n<\/div><\/div><\/div><div class=\"wpb_column vc_column_container vc_col-sm-6\"><div class=\"vc_column-inner\"><div class=\"wpb_wrapper\">\n\t<div  class=\"wpb_single_image wpb_content_element vc_align_center\">\n\t\t\n\t\t<figure class=\"wpb_wrapper vc_figure\">\n\t\t\t<div class=\"vc_single_image-wrapper   vc_box_border_grey\"><img loading=\"lazy\" decoding=\"async\" width=\"768\" height=\"650\" src=\"https:\/\/www.bbincubator.com\/wp-content\/uploads\/2020\/11\/brand-and-business-incubator-digital-marketing-2.png\" class=\"vc_single_image-img attachment-large\" alt=\"\" title=\"brand-and-business-incubator-digital-marketing\" srcset=\"https:\/\/www.bbincubator.com\/wp-content\/uploads\/2020\/11\/brand-and-business-incubator-digital-marketing-2.png 1000w, https:\/\/www.bbincubator.com\/wp-content\/uploads\/2020\/11\/brand-and-business-incubator-digital-marketing-2-300x254.png 300w, https:\/\/www.bbincubator.com\/wp-content\/uploads\/2020\/11\/brand-and-business-incubator-digital-marketing-2-768x650.png 768w\" sizes=\"auto, (max-width: 768px) 100vw, 768px\" \/><\/div>\n\t\t<\/figure>\n\t<\/div>\n<\/div><\/div><\/div><div class=\"wpb_column vc_column_container vc_col-sm-12\"><div class=\"vc_column-inner\"><div class=\"wpb_wrapper\"><div class=\"gel-space gel-1cadb2ea167eed6f3bc17c57161cf65f\"><\/div>\n\t<div class=\"wpb_text_column wpb_content_element\" >\n\t\t<div class=\"wpb_wrapper\">\n\t\t\t<h4 style=\"text-align: center;\"><span style=\"color: #ffffff;\">Trabaje con\u00a0<strong>BBI<\/strong>\u00a0para identificar temprano las oportunidades y financiar su crecimiento con resultados concretos.<\/span><\/h4>\n\n\t\t<\/div>\n\t<\/div>\n<div class=\"gel-space gel-51326eb3947d299f966d203da7e14930\"><\/div><\/div><\/div><\/div><\/div><div class=\"vc_row-full-width vc_clearfix\"><\/div><div class=\"vc_row wpb_row vc_row-fluid\"><div class=\"wpb_column vc_column_container vc_col-sm-12\"><div class=\"vc_column-inner\"><div class=\"wpb_wrapper\"><div class=\"gel-space gel-51326eb3947d299f966d203da7e14930\"><\/div><\/div><\/div><\/div><\/div>\n<\/section>","protected":false},"excerpt":{"rendered":"BBI can help you start and grow your sales using the best in class digital tactics and operations. Our all-in-one and fully personalized Go-To-Market solution is designed for you to kick-start and promote your brand and products using online media.\u00a0BBI\u00a0conceives, implements and operates a result-oriented roadmap to find customers and consolidate your business growth over [...]","protected":false},"author":1,"featured_media":0,"parent":0,"menu_order":0,"comment_status":"closed","ping_status":"closed","template":"","meta":{"footnotes":""},"class_list":["post-4697","page","type-page","status-publish","hentry"],"yoast_head":"<!-- This site is optimized with the Yoast SEO plugin v21.7 - https:\/\/yoast.com\/wordpress\/plugins\/seo\/ -->\n<title>Digital Go to Market - BRAND &amp; BUSINESS INCUBATOR<\/title>\n<meta name=\"description\" content=\"BBI Go-To-Market solution proposes a systematic process in 3 phases, so your market approach is targeting operation success.\" \/>\n<meta name=\"robots\" content=\"index, follow, max-snippet:-1, max-image-preview:large, max-video-preview:-1\" \/>\n<link rel=\"canonical\" href=\"https:\/\/www.bbincubator.com\/es\/expertise\/digital-marketing\/\" \/>\n<meta property=\"og:locale\" content=\"es_ES\" \/>\n<meta property=\"og:type\" content=\"article\" \/>\n<meta property=\"og:title\" content=\"Digital Go to Market - BRAND &amp; BUSINESS INCUBATOR\" \/>\n<meta property=\"og:description\" content=\"BBI Go-To-Market solution proposes a systematic process in 3 phases, so your market approach is targeting operation success.\" \/>\n<meta property=\"og:url\" content=\"https:\/\/www.bbincubator.com\/es\/expertise\/digital-marketing\/\" \/>\n<meta property=\"og:site_name\" content=\"BRAND &amp; BUSINESS INCUBATOR\" \/>\n<meta property=\"article:publisher\" content=\"https:\/\/www.facebook.com\/pages\/category\/Product-Service\/Brand-Business-Incubator-109051247178688\/\" \/>\n<meta property=\"article:modified_time\" content=\"2025-07-18T15:55:02+00:00\" \/>\n<meta name=\"twitter:card\" content=\"summary_large_image\" \/>\n<meta name=\"twitter:site\" content=\"@BB_Incubator\" \/>\n<meta name=\"twitter:label1\" content=\"Tiempo de lectura\" \/>\n\t<meta name=\"twitter:data1\" content=\"1 minuto\" \/>\n<script type=\"application\/ld+json\" class=\"yoast-schema-graph\">{\"@context\":\"https:\/\/schema.org\",\"@graph\":[{\"@type\":\"WebPage\",\"@id\":\"https:\/\/www.bbincubator.com\/expertise\/digital-marketing\/\",\"url\":\"https:\/\/www.bbincubator.com\/expertise\/digital-marketing\/\",\"name\":\"Digital Go to Market - BRAND &amp; BUSINESS INCUBATOR\",\"isPartOf\":{\"@id\":\"https:\/\/www.bbincubator.com\/#website\"},\"datePublished\":\"2020-11-25T00:13:37+00:00\",\"dateModified\":\"2025-07-18T15:55:02+00:00\",\"description\":\"BBI Go-To-Market solution proposes a systematic process in 3 phases, so your market approach is targeting operation success.\",\"breadcrumb\":{\"@id\":\"https:\/\/www.bbincubator.com\/expertise\/digital-marketing\/#breadcrumb\"},\"inLanguage\":\"es\",\"potentialAction\":[{\"@type\":\"ReadAction\",\"target\":[\"https:\/\/www.bbincubator.com\/expertise\/digital-marketing\/\"]}]},{\"@type\":\"BreadcrumbList\",\"@id\":\"https:\/\/www.bbincubator.com\/expertise\/digital-marketing\/#breadcrumb\",\"itemListElement\":[{\"@type\":\"ListItem\",\"position\":1,\"name\":\"Home\",\"item\":\"https:\/\/www.bbincubator.com\/\"},{\"@type\":\"ListItem\",\"position\":2,\"name\":\"BBINC-Digital Go to Market\"}]},{\"@type\":\"WebSite\",\"@id\":\"https:\/\/www.bbincubator.com\/#website\",\"url\":\"https:\/\/www.bbincubator.com\/\",\"name\":\"BBI\",\"description\":\"We are here to guide you every step of the way\",\"publisher\":{\"@id\":\"https:\/\/www.bbincubator.com\/#organization\"},\"alternateName\":\"BBI\",\"potentialAction\":[{\"@type\":\"SearchAction\",\"target\":{\"@type\":\"EntryPoint\",\"urlTemplate\":\"https:\/\/www.bbincubator.com\/?s={search_term_string}\"},\"query-input\":\"required name=search_term_string\"}],\"inLanguage\":\"es\"},{\"@type\":\"Organization\",\"@id\":\"https:\/\/www.bbincubator.com\/#organization\",\"name\":\"BRAND & BUSINES INCUBATOR\",\"url\":\"https:\/\/www.bbincubator.com\/\",\"logo\":{\"@type\":\"ImageObject\",\"inLanguage\":\"es\",\"@id\":\"https:\/\/www.bbincubator.com\/#\/schema\/logo\/image\/\",\"url\":\"https:\/\/www.bbincubator.com\/wp-content\/uploads\/2020\/11\/bbincubator-web-logo-01.png\",\"contentUrl\":\"https:\/\/www.bbincubator.com\/wp-content\/uploads\/2020\/11\/bbincubator-web-logo-01.png\",\"width\":600,\"height\":381,\"caption\":\"BRAND & BUSINES INCUBATOR\"},\"image\":{\"@id\":\"https:\/\/www.bbincubator.com\/#\/schema\/logo\/image\/\"},\"sameAs\":[\"https:\/\/www.facebook.com\/pages\/category\/Product-Service\/Brand-Business-Incubator-109051247178688\/\",\"https:\/\/twitter.com\/BB_Incubator\",\"https:\/\/www.youtube.com\/channel\/UCdLxYJoCvqo-9Uk5wVHQyUw\",\"https:\/\/www.instagram.com\/bbincubator\/\"]}]}<\/script>\n<!-- \/ Yoast SEO plugin. -->","yoast_head_json":{"title":"Digital Go to Market - BRAND &amp; BUSINESS INCUBATOR","description":"BBI Go-To-Market solution proposes a systematic process in 3 phases, so your market approach is targeting operation success.","robots":{"index":"index","follow":"follow","max-snippet":"max-snippet:-1","max-image-preview":"max-image-preview:large","max-video-preview":"max-video-preview:-1"},"canonical":"https:\/\/www.bbincubator.com\/es\/expertise\/digital-marketing\/","og_locale":"es_ES","og_type":"article","og_title":"Digital Go to Market - BRAND &amp; BUSINESS INCUBATOR","og_description":"BBI Go-To-Market solution proposes a systematic process in 3 phases, so your market approach is targeting operation success.","og_url":"https:\/\/www.bbincubator.com\/es\/expertise\/digital-marketing\/","og_site_name":"BRAND &amp; BUSINESS INCUBATOR","article_publisher":"https:\/\/www.facebook.com\/pages\/category\/Product-Service\/Brand-Business-Incubator-109051247178688\/","article_modified_time":"2025-07-18T15:55:02+00:00","twitter_card":"summary_large_image","twitter_site":"@BB_Incubator","twitter_misc":{"Tiempo de lectura":"1 minuto"},"schema":{"@context":"https:\/\/schema.org","@graph":[{"@type":"WebPage","@id":"https:\/\/www.bbincubator.com\/expertise\/digital-marketing\/","url":"https:\/\/www.bbincubator.com\/expertise\/digital-marketing\/","name":"Digital Go to Market - BRAND &amp; BUSINESS INCUBATOR","isPartOf":{"@id":"https:\/\/www.bbincubator.com\/#website"},"datePublished":"2020-11-25T00:13:37+00:00","dateModified":"2025-07-18T15:55:02+00:00","description":"BBI Go-To-Market solution proposes a systematic process in 3 phases, so your market approach is targeting operation success.","breadcrumb":{"@id":"https:\/\/www.bbincubator.com\/expertise\/digital-marketing\/#breadcrumb"},"inLanguage":"es","potentialAction":[{"@type":"ReadAction","target":["https:\/\/www.bbincubator.com\/expertise\/digital-marketing\/"]}]},{"@type":"BreadcrumbList","@id":"https:\/\/www.bbincubator.com\/expertise\/digital-marketing\/#breadcrumb","itemListElement":[{"@type":"ListItem","position":1,"name":"Home","item":"https:\/\/www.bbincubator.com\/"},{"@type":"ListItem","position":2,"name":"BBINC-Digital Go to Market"}]},{"@type":"WebSite","@id":"https:\/\/www.bbincubator.com\/#website","url":"https:\/\/www.bbincubator.com\/","name":"BBI","description":"We are here to guide you every step of the way","publisher":{"@id":"https:\/\/www.bbincubator.com\/#organization"},"alternateName":"BBI","potentialAction":[{"@type":"SearchAction","target":{"@type":"EntryPoint","urlTemplate":"https:\/\/www.bbincubator.com\/?s={search_term_string}"},"query-input":"required name=search_term_string"}],"inLanguage":"es"},{"@type":"Organization","@id":"https:\/\/www.bbincubator.com\/#organization","name":"BRAND & BUSINES INCUBATOR","url":"https:\/\/www.bbincubator.com\/","logo":{"@type":"ImageObject","inLanguage":"es","@id":"https:\/\/www.bbincubator.com\/#\/schema\/logo\/image\/","url":"https:\/\/www.bbincubator.com\/wp-content\/uploads\/2020\/11\/bbincubator-web-logo-01.png","contentUrl":"https:\/\/www.bbincubator.com\/wp-content\/uploads\/2020\/11\/bbincubator-web-logo-01.png","width":600,"height":381,"caption":"BRAND & BUSINES INCUBATOR"},"image":{"@id":"https:\/\/www.bbincubator.com\/#\/schema\/logo\/image\/"},"sameAs":["https:\/\/www.facebook.com\/pages\/category\/Product-Service\/Brand-Business-Incubator-109051247178688\/","https:\/\/twitter.com\/BB_Incubator","https:\/\/www.youtube.com\/channel\/UCdLxYJoCvqo-9Uk5wVHQyUw","https:\/\/www.instagram.com\/bbincubator\/"]}]}},"_links":{"self":[{"href":"https:\/\/www.bbincubator.com\/es\/wp-json\/wp\/v2\/pages\/4697","targetHints":{"allow":["GET"]}}],"collection":[{"href":"https:\/\/www.bbincubator.com\/es\/wp-json\/wp\/v2\/pages"}],"about":[{"href":"https:\/\/www.bbincubator.com\/es\/wp-json\/wp\/v2\/types\/page"}],"author":[{"embeddable":true,"href":"https:\/\/www.bbincubator.com\/es\/wp-json\/wp\/v2\/users\/1"}],"replies":[{"embeddable":true,"href":"https:\/\/www.bbincubator.com\/es\/wp-json\/wp\/v2\/comments?post=4697"}],"version-history":[{"count":27,"href":"https:\/\/www.bbincubator.com\/es\/wp-json\/wp\/v2\/pages\/4697\/revisions"}],"predecessor-version":[{"id":5253,"href":"https:\/\/www.bbincubator.com\/es\/wp-json\/wp\/v2\/pages\/4697\/revisions\/5253"}],"wp:attachment":[{"href":"https:\/\/www.bbincubator.com\/es\/wp-json\/wp\/v2\/media?parent=4697"}],"curies":[{"name":"wp","href":"https:\/\/api.w.org\/{rel}","templated":true}]}}