{"id":4404,"date":"2020-11-08T23:10:34","date_gmt":"2020-11-09T05:10:34","guid":{"rendered":"http:\/\/ridersgearworld.com\/?page_id=4404"},"modified":"2025-07-18T09:21:36","modified_gmt":"2025-07-18T15:21:36","slug":"expertise-edi-management","status":"publish","type":"page","link":"https:\/\/www.bbincubator.com\/es\/expertise\/edi-set-up-and-management\/","title":{"rendered":"BBINC-EDI"},"content":{"rendered":"<section class=\"wpb-content-wrapper\"><div class=\"vc_row wpb_row vc_row-fluid\"><div class=\"wpb_column vc_column_container vc_col-sm-12\"><div class=\"vc_column-inner\"><div class=\"wpb_wrapper\">\n\t<div class=\"wpb_text_column wpb_content_element\" >\n\t\t<div class=\"wpb_wrapper\">\n\t\t\t<blockquote><p>\nEl Intercambio Electr\u00f3nico de Datos (EDI) es el intercambio electr\u00f3nico de informaci\u00f3n comercial utilizando un formato estandarizado; un proceso que permite a una empresa enviar informaci\u00f3n a otra empresa electr\u00f3nicamente en lugar de papel. Las entidades comerciales que realizan negocios electr\u00f3nicamente se denominan socios comerciales.\n<\/p><\/blockquote>\n\n\t\t<\/div>\n\t<\/div>\n<\/div><\/div><\/div><\/div><div class=\"vc_row wpb_row vc_row-fluid\"><div class=\"wpb_column vc_column_container vc_col-sm-12\"><div class=\"vc_column-inner\"><div class=\"wpb_wrapper\"><div class=\"gel-space gel-51326eb3947d299f966d203da7e14930\"><\/div><\/div><\/div><\/div><\/div><div class=\"vc_row wpb_row vc_row-fluid vc_row-o-content-top vc_row-flex\"><div class=\"wpb_column vc_column_container vc_col-sm-6\"><div class=\"vc_column-inner\"><div class=\"wpb_wrapper\"><div class=\"gel-space gel-881a139362768637d7ea750cc3316d86\"><\/div><div class=\"gel-heading gel-heading-style-01 text-left\">\n\t\t\t<div class=\"gel-heading-subtitle\">EDI ES IMPRESCINDIBLE PARA HABLAR CON LOS PRINCIPALES JUGADORES B2B<\/div>\n\t\t<h2 class=\"gel-heading-title gel-a5c2154c7ae44f17f116baa16aa04637\">\n\t\tAcceso m\u00e1s f\u00e1cil a los mercados B2B y Drop Ship\t<\/h2>\n\t<\/div><div class=\"gel-space gel-1cadb2ea167eed6f3bc17c57161cf65f\"><\/div>\n\t<div class=\"wpb_text_column wpb_content_element  wpb_animate_when_almost_visible wpb_fadeIn fadeIn\" >\n\t\t<div class=\"wpb_wrapper\">\n\t\t\t<p>Si est\u00e1 negociando o estableciendo una relaci\u00f3n con grandes distribuidores o minoristas, lo m\u00e1s probable es que requieran que su empresa sea compatible con EDI.<\/p>\n<p>El Intercambio Electr\u00f3nico de Datos (EDI) se ha convertido en la clave para una oferta eficiente de entrega directa al comerciante. EDI permite una mejor comunicaci\u00f3n y tiempo de entrega para cumplir con los pedidos entre empresas.<\/p>\n<p><span style=\"color: #449aac;\"><strong>BBI<\/strong><\/span>\u00a0ha establecido una plataforma EDI que se mutualiza entre nuestros clientes para la rentabilidad.<\/p>\n<p><strong><span style=\"color: #449aac;\">BBI<\/span><\/strong>\u00a0le brinda la oportunidad de completar r\u00e1pidamente una implementaci\u00f3n EDI con cualquier socio comercial de su elecci\u00f3n.<\/p>\n\n\t\t<\/div>\n\t<\/div>\n<\/div><\/div><\/div><div class=\"wpb_animate_when_almost_visible wpb_fadeIn fadeIn wpb_column vc_column_container vc_col-sm-6\"><div class=\"vc_column-inner\"><div class=\"wpb_wrapper\"><div class=\"gel-heading gel-heading-style-01 text-left\">\n\t\t\t<div class=\"gel-heading-subtitle\">EL CUMPLIMIENTO DE PEDIDOS ES F\u00c1CIL<\/div>\n\t\t<h2 class=\"gel-heading-title gel-a5c2154c7ae44f17f116baa16aa04637\">\n\t\tEDI facilita sus operaciones\t<\/h2>\n\t<\/div><div class=\"gel-space gel-1cadb2ea167eed6f3bc17c57161cf65f\"><\/div>\n\t<div class=\"wpb_text_column wpb_content_element\" >\n\t\t<div class=\"wpb_wrapper\">\n\t\t\t<p><span class=\"gmail_default\">\u200b<\/span>Utilice la soluci\u00f3n EDI de <span style=\"color: #449aac;\"><strong>BBI<\/strong><\/span> electr\u00f3nica e instant\u00e1neamente:<\/p>\n\n\t\t<\/div>\n\t<\/div>\n<div class=\"gel-list gel-list-style-01 gel-69df38d397fc6\">\r\n    <ul class=\"content-list icon_list\">\r\n                                                            <li class=\"item-list gel-list-item\">\r\n                                            <span class=\"list-type\"><i class=\"fal fa-arrow-alt-circle-right\"><\/i><\/span>\r\n                                                            Recibir pedidos,                                    <\/li>\r\n                                                                        <li class=\"item-list gel-list-item\">\r\n                                            <span class=\"list-type\"><i class=\"fal fa-arrow-alt-circle-right\"><\/i><\/span>\r\n                                                            Recibir instrucci\u00f3n de cumplimiento,                                    <\/li>\r\n                                                                        <li class=\"item-list gel-list-item\">\r\n                                            <span class=\"list-type\"><i class=\"fal fa-arrow-alt-circle-right\"><\/i><\/span>\r\n                                                            Intercambiar informaci\u00f3n de inventario,                                    <\/li>\r\n                                                                        <li class=\"item-list gel-list-item\">\r\n                                            <span class=\"list-type\"><i class=\"fal fa-arrow-alt-circle-right\"><\/i><\/span>\r\n                                                            Informar sobre art\u00edculos descatalogados o fuera de stock,                                    <\/li>\r\n                                                                        <li class=\"item-list gel-list-item\">\r\n                                            <span class=\"list-type\"><i class=\"fal fa-arrow-alt-circle-right\"><\/i><\/span>\r\n                                                            Transmitir informaci\u00f3n de seguimiento del env\u00edo,                                    <\/li>\r\n                                                                        <li class=\"item-list gel-list-item\">\r\n                                            <span class=\"list-type\"><i class=\"fal fa-arrow-alt-circle-right\"><\/i><\/span>\r\n                                                            Env\u00eda tus facturas.                                    <\/li>\r\n                        <\/ul>\r\n<\/div>\r\n<\/div><\/div><\/div><\/div><div class=\"vc_row wpb_row vc_row-fluid\"><div class=\"wpb_column vc_column_container vc_col-sm-12\"><div class=\"vc_column-inner\"><div class=\"wpb_wrapper\"><div class=\"gel-space gel-51326eb3947d299f966d203da7e14930\"><\/div><\/div><\/div><\/div><\/div><div class=\"vc_row wpb_row vc_row-fluid\"><div class=\"wpb_column vc_column_container vc_col-sm-12\"><div class=\"vc_column-inner\"><div class=\"wpb_wrapper\">\n\t<div class=\"wpb_text_column wpb_content_element\" >\n\t\t<div class=\"wpb_wrapper\">\n\t\t\t<p>Con la conectividad EDI, los pedidos y las instrucciones de cumplimiento fluir\u00e1n directamente a nuestro sistema desde la tienda web o el portal del comerciante. Adem\u00e1s, podr\u00e1 enviarles autom\u00e1ticamente cualquier informaci\u00f3n requerida, como inventario o seguimiento, para una mejor gesti\u00f3n de pedidos y reducir los pedidos atrasados.<\/p>\n<p>Con nuestra soluci\u00f3n EDI, su inventario almacenado en el almac\u00e9n de\u00a0<a href=\"http:\/\/ridersgearworld.com\/en\/brand-and-business-incubator\/offices-and-warehouses\/\"><span style=\"color: #449aac;\"><strong>BBI<\/strong><\/span>\u00a0<span style=\"color: #808080;\">se comparte autom\u00e1ticamente<\/span><\/a>\u00a0con tantos minoristas, tiendas web y mercados como desee en tiempo real.<\/p>\n<p>Cumplir con EDI permite a las empresas m\u00e1s peque\u00f1as exhibir sus productos en la tienda web de los grandes distribuidores de todo el pa\u00eds, ya que les proporciona una capacidad confiable de env\u00edo directo.<\/p>\n\n\t\t<\/div>\n\t<\/div>\n<\/div><\/div><\/div><\/div><div class=\"vc_row wpb_row vc_row-fluid\"><div class=\"wpb_column vc_column_container vc_col-sm-12\"><div class=\"vc_column-inner\"><div class=\"wpb_wrapper\"><div class=\"gel-space gel-51326eb3947d299f966d203da7e14930\"><\/div><\/div><\/div><\/div><\/div><div data-g5element-full-width=\"true\" class=\"vc_row wpb_row vc_row-fluid wpb_animate_when_almost_visible wpb_fadeInDown fadeInDown vc_custom_1606757009452 vc_row-has-fill position-relative\">\t\t<div class=\"g5element-bg-parallax g5element-bg-full\"\n\t\t     \t\t     style=\"background-image: url(https:\/\/www.bbincubator.com\/wp-content\/uploads\/2020\/11\/17-scaled.jpg);;background-size: cover;background-repeat: no-repeat;background-attachment: fixed\">\n\t\t<\/div>\n\t\t<div class=\"wpb_column vc_column_container vc_col-sm-12\"><div class=\"vc_column-inner\"><div class=\"wpb_wrapper\"><div class=\"gel-space gel-51326eb3947d299f966d203da7e14930\"><\/div><div class=\"gel-heading gel-heading-style-02 text-center has-line-separator gel-69df38d399c1f\">\n\t\t\t<div class=\"gel-heading-subtitle gel-94c1e21ec7867ceb81ccca397992c831\">EDI VENTANILLA \u00daNICA<\/div>\n\t\t<h2 class=\"gel-heading-title gel-94c1e21ec7867ceb81ccca397992c831\">\n\t\tExperiencia interna en EDI\t<\/h2>\n\t\t\t<div class=\"gel-heading-separate\">\n\t\t<\/div>\n\t<\/div><div class=\"gel-space gel-51326eb3947d299f966d203da7e14930\"><\/div>\n\t<div class=\"wpb_text_column wpb_content_element\" >\n\t\t<div class=\"wpb_wrapper\">\n\t\t\t<p style=\"text-align: center;\"><span style=\"color: #449aac;\"><strong>BBI<\/strong><\/span> <span style=\"color: #ffffff;\">has its own in-house EDI specialists assisting you every step of the way!<\/span><\/p>\n<p style=\"text-align: center;\"><span style=\"color: #449aac;\"><strong>BBI<\/strong><\/span>\u00a0<span style=\"color: #ffffff;\">ha invertido en tecnolog\u00eda y conocimientos EDI, por lo que gestionamos todos los aspectos de un proyecto EDI; instalaci\u00f3n, mantenimiento y mejora.\u00a0<\/span><\/p>\n<p style=\"text-align: center;\"><span style=\"color: #ffffff;\">Nuestra visi\u00f3n orientada a la soluci\u00f3n le asegura una alta calidad de servicio en tecnolog\u00eda EDI.<\/span><\/p>\n\n\t\t<\/div>\n\t<\/div>\n<div class=\"gel-space gel-51326eb3947d299f966d203da7e14930\"><\/div><\/div><\/div><\/div><\/div><div class=\"vc_row-full-width vc_clearfix\"><\/div><div class=\"vc_row wpb_row vc_row-fluid\"><div class=\"wpb_column vc_column_container vc_col-sm-12\"><div class=\"vc_column-inner\"><div class=\"wpb_wrapper\"><div class=\"gel-space gel-51326eb3947d299f966d203da7e14930\"><\/div><\/div><\/div><\/div><\/div>\n<\/section>","protected":false},"excerpt":{"rendered":"Electronic Data Interchange\u00a0(EDI) is the electronic interchange of business information using a standardized format; a process which allows one company to send information to another company electronically rather than with paper. Business entities conducting business electronically are called trading partners. EDI is a must have to talk with major B2B players Easier Access to B2B [...]","protected":false},"author":1,"featured_media":0,"parent":0,"menu_order":0,"comment_status":"closed","ping_status":"closed","template":"","meta":{"footnotes":""},"class_list":["post-4404","page","type-page","status-publish","hentry"],"yoast_head":"<!-- This site is optimized with the Yoast SEO plugin v21.7 - https:\/\/yoast.com\/wordpress\/plugins\/seo\/ -->\n<title>EDI Setup &amp; Management - BRAND &amp; BUSINESS INCUBATOR<\/title>\n<meta name=\"description\" content=\"BBI helps you rapidly complete an EDI implementation with any trading partner of your choice thanks to its mutualized EDI platform.\" \/>\n<meta name=\"robots\" content=\"index, follow, max-snippet:-1, max-image-preview:large, max-video-preview:-1\" \/>\n<link rel=\"canonical\" href=\"https:\/\/www.bbincubator.com\/es\/expertise\/edi-set-up-and-management\/\" \/>\n<meta property=\"og:locale\" content=\"es_ES\" \/>\n<meta property=\"og:type\" content=\"article\" \/>\n<meta property=\"og:title\" content=\"EDI Setup &amp; Management - BRAND &amp; BUSINESS INCUBATOR\" \/>\n<meta property=\"og:description\" content=\"BBI helps you rapidly complete an EDI implementation with any trading partner of your choice thanks to its mutualized EDI platform.\" \/>\n<meta property=\"og:url\" content=\"https:\/\/www.bbincubator.com\/es\/expertise\/edi-set-up-and-management\/\" \/>\n<meta property=\"og:site_name\" content=\"BRAND &amp; BUSINESS INCUBATOR\" \/>\n<meta property=\"article:publisher\" content=\"https:\/\/www.facebook.com\/pages\/category\/Product-Service\/Brand-Business-Incubator-109051247178688\/\" \/>\n<meta property=\"article:modified_time\" content=\"2025-07-18T15:21:36+00:00\" \/>\n<meta name=\"twitter:card\" content=\"summary_large_image\" \/>\n<meta name=\"twitter:site\" content=\"@BB_Incubator\" \/>\n<meta name=\"twitter:label1\" content=\"Tiempo de lectura\" \/>\n\t<meta name=\"twitter:data1\" content=\"2 minutos\" \/>\n<script type=\"application\/ld+json\" class=\"yoast-schema-graph\">{\"@context\":\"https:\/\/schema.org\",\"@graph\":[{\"@type\":\"WebPage\",\"@id\":\"https:\/\/www.bbincubator.com\/expertise\/edi-set-up-and-management\/\",\"url\":\"https:\/\/www.bbincubator.com\/expertise\/edi-set-up-and-management\/\",\"name\":\"EDI Setup & Management - BRAND &amp; BUSINESS INCUBATOR\",\"isPartOf\":{\"@id\":\"https:\/\/www.bbincubator.com\/#website\"},\"datePublished\":\"2020-11-09T05:10:34+00:00\",\"dateModified\":\"2025-07-18T15:21:36+00:00\",\"description\":\"BBI helps you rapidly complete an EDI implementation with any trading partner of your choice thanks to its mutualized EDI platform.\",\"breadcrumb\":{\"@id\":\"https:\/\/www.bbincubator.com\/expertise\/edi-set-up-and-management\/#breadcrumb\"},\"inLanguage\":\"es\",\"potentialAction\":[{\"@type\":\"ReadAction\",\"target\":[\"https:\/\/www.bbincubator.com\/expertise\/edi-set-up-and-management\/\"]}]},{\"@type\":\"BreadcrumbList\",\"@id\":\"https:\/\/www.bbincubator.com\/expertise\/edi-set-up-and-management\/#breadcrumb\",\"itemListElement\":[{\"@type\":\"ListItem\",\"position\":1,\"name\":\"Home\",\"item\":\"https:\/\/www.bbincubator.com\/\"},{\"@type\":\"ListItem\",\"position\":2,\"name\":\"BBINC-EDI\"}]},{\"@type\":\"WebSite\",\"@id\":\"https:\/\/www.bbincubator.com\/#website\",\"url\":\"https:\/\/www.bbincubator.com\/\",\"name\":\"BBI\",\"description\":\"We are here to guide you every step of the way\",\"publisher\":{\"@id\":\"https:\/\/www.bbincubator.com\/#organization\"},\"alternateName\":\"BBI\",\"potentialAction\":[{\"@type\":\"SearchAction\",\"target\":{\"@type\":\"EntryPoint\",\"urlTemplate\":\"https:\/\/www.bbincubator.com\/?s={search_term_string}\"},\"query-input\":\"required name=search_term_string\"}],\"inLanguage\":\"es\"},{\"@type\":\"Organization\",\"@id\":\"https:\/\/www.bbincubator.com\/#organization\",\"name\":\"BRAND & BUSINES INCUBATOR\",\"url\":\"https:\/\/www.bbincubator.com\/\",\"logo\":{\"@type\":\"ImageObject\",\"inLanguage\":\"es\",\"@id\":\"https:\/\/www.bbincubator.com\/#\/schema\/logo\/image\/\",\"url\":\"https:\/\/www.bbincubator.com\/wp-content\/uploads\/2020\/11\/bbincubator-web-logo-01.png\",\"contentUrl\":\"https:\/\/www.bbincubator.com\/wp-content\/uploads\/2020\/11\/bbincubator-web-logo-01.png\",\"width\":600,\"height\":381,\"caption\":\"BRAND & BUSINES INCUBATOR\"},\"image\":{\"@id\":\"https:\/\/www.bbincubator.com\/#\/schema\/logo\/image\/\"},\"sameAs\":[\"https:\/\/www.facebook.com\/pages\/category\/Product-Service\/Brand-Business-Incubator-109051247178688\/\",\"https:\/\/twitter.com\/BB_Incubator\",\"https:\/\/www.youtube.com\/channel\/UCdLxYJoCvqo-9Uk5wVHQyUw\",\"https:\/\/www.instagram.com\/bbincubator\/\"]}]}<\/script>\n<!-- \/ Yoast SEO plugin. -->","yoast_head_json":{"title":"EDI Setup & Management - BRAND &amp; BUSINESS INCUBATOR","description":"BBI helps you rapidly complete an EDI implementation with any trading partner of your choice thanks to its mutualized EDI platform.","robots":{"index":"index","follow":"follow","max-snippet":"max-snippet:-1","max-image-preview":"max-image-preview:large","max-video-preview":"max-video-preview:-1"},"canonical":"https:\/\/www.bbincubator.com\/es\/expertise\/edi-set-up-and-management\/","og_locale":"es_ES","og_type":"article","og_title":"EDI Setup & Management - BRAND &amp; BUSINESS INCUBATOR","og_description":"BBI helps you rapidly complete an EDI implementation with any trading partner of your choice thanks to its mutualized EDI platform.","og_url":"https:\/\/www.bbincubator.com\/es\/expertise\/edi-set-up-and-management\/","og_site_name":"BRAND &amp; BUSINESS INCUBATOR","article_publisher":"https:\/\/www.facebook.com\/pages\/category\/Product-Service\/Brand-Business-Incubator-109051247178688\/","article_modified_time":"2025-07-18T15:21:36+00:00","twitter_card":"summary_large_image","twitter_site":"@BB_Incubator","twitter_misc":{"Tiempo de lectura":"2 minutos"},"schema":{"@context":"https:\/\/schema.org","@graph":[{"@type":"WebPage","@id":"https:\/\/www.bbincubator.com\/expertise\/edi-set-up-and-management\/","url":"https:\/\/www.bbincubator.com\/expertise\/edi-set-up-and-management\/","name":"EDI Setup & Management - BRAND &amp; BUSINESS INCUBATOR","isPartOf":{"@id":"https:\/\/www.bbincubator.com\/#website"},"datePublished":"2020-11-09T05:10:34+00:00","dateModified":"2025-07-18T15:21:36+00:00","description":"BBI helps you rapidly complete an EDI implementation with any trading partner of your choice thanks to its mutualized EDI platform.","breadcrumb":{"@id":"https:\/\/www.bbincubator.com\/expertise\/edi-set-up-and-management\/#breadcrumb"},"inLanguage":"es","potentialAction":[{"@type":"ReadAction","target":["https:\/\/www.bbincubator.com\/expertise\/edi-set-up-and-management\/"]}]},{"@type":"BreadcrumbList","@id":"https:\/\/www.bbincubator.com\/expertise\/edi-set-up-and-management\/#breadcrumb","itemListElement":[{"@type":"ListItem","position":1,"name":"Home","item":"https:\/\/www.bbincubator.com\/"},{"@type":"ListItem","position":2,"name":"BBINC-EDI"}]},{"@type":"WebSite","@id":"https:\/\/www.bbincubator.com\/#website","url":"https:\/\/www.bbincubator.com\/","name":"BBI","description":"We are here to guide you every step of the way","publisher":{"@id":"https:\/\/www.bbincubator.com\/#organization"},"alternateName":"BBI","potentialAction":[{"@type":"SearchAction","target":{"@type":"EntryPoint","urlTemplate":"https:\/\/www.bbincubator.com\/?s={search_term_string}"},"query-input":"required name=search_term_string"}],"inLanguage":"es"},{"@type":"Organization","@id":"https:\/\/www.bbincubator.com\/#organization","name":"BRAND & BUSINES INCUBATOR","url":"https:\/\/www.bbincubator.com\/","logo":{"@type":"ImageObject","inLanguage":"es","@id":"https:\/\/www.bbincubator.com\/#\/schema\/logo\/image\/","url":"https:\/\/www.bbincubator.com\/wp-content\/uploads\/2020\/11\/bbincubator-web-logo-01.png","contentUrl":"https:\/\/www.bbincubator.com\/wp-content\/uploads\/2020\/11\/bbincubator-web-logo-01.png","width":600,"height":381,"caption":"BRAND & BUSINES INCUBATOR"},"image":{"@id":"https:\/\/www.bbincubator.com\/#\/schema\/logo\/image\/"},"sameAs":["https:\/\/www.facebook.com\/pages\/category\/Product-Service\/Brand-Business-Incubator-109051247178688\/","https:\/\/twitter.com\/BB_Incubator","https:\/\/www.youtube.com\/channel\/UCdLxYJoCvqo-9Uk5wVHQyUw","https:\/\/www.instagram.com\/bbincubator\/"]}]}},"_links":{"self":[{"href":"https:\/\/www.bbincubator.com\/es\/wp-json\/wp\/v2\/pages\/4404","targetHints":{"allow":["GET"]}}],"collection":[{"href":"https:\/\/www.bbincubator.com\/es\/wp-json\/wp\/v2\/pages"}],"about":[{"href":"https:\/\/www.bbincubator.com\/es\/wp-json\/wp\/v2\/types\/page"}],"author":[{"embeddable":true,"href":"https:\/\/www.bbincubator.com\/es\/wp-json\/wp\/v2\/users\/1"}],"replies":[{"embeddable":true,"href":"https:\/\/www.bbincubator.com\/es\/wp-json\/wp\/v2\/comments?post=4404"}],"version-history":[{"count":21,"href":"https:\/\/www.bbincubator.com\/es\/wp-json\/wp\/v2\/pages\/4404\/revisions"}],"predecessor-version":[{"id":5248,"href":"https:\/\/www.bbincubator.com\/es\/wp-json\/wp\/v2\/pages\/4404\/revisions\/5248"}],"wp:attachment":[{"href":"https:\/\/www.bbincubator.com\/es\/wp-json\/wp\/v2\/media?parent=4404"}],"curies":[{"name":"wp","href":"https:\/\/api.w.org\/{rel}","templated":true}]}}