{"id":4331,"date":"2020-11-06T16:50:41","date_gmt":"2020-11-06T22:50:41","guid":{"rendered":"http:\/\/ridersgearworld.com\/?page_id=4331"},"modified":"2025-07-17T17:15:11","modified_gmt":"2025-07-17T23:15:11","slug":"us-market-e-business","status":"publish","type":"page","link":"https:\/\/www.bbincubator.com\/es\/us-market\/e-business\/","title":{"rendered":"BBINC-e-business"},"content":{"rendered":"<section class=\"wpb-content-wrapper\"><div class=\"vc_row wpb_row vc_row-fluid\"><div class=\"wpb_column vc_column_container vc_col-sm-12\"><div class=\"vc_column-inner\"><div class=\"wpb_wrapper\">\n\t<div class=\"wpb_text_column wpb_content_element\" >\n\t\t<div class=\"wpb_wrapper\">\n\t\t\t<blockquote><p>\n\"El comercio electr\u00f3nico es la realizaci\u00f3n de procesos comerciales en Internet. Estos procesos de comercio electr\u00f3nico incluyen la compra y venta de bienes y servicios, el servicio a los clientes, el procesamiento de pagos, la gesti\u00f3n del control de producci\u00f3n, la colaboraci\u00f3n con socios comerciales, el intercambio de informaci\u00f3n, la ejecuci\u00f3n de servicios automatizados para empleados, el reclutamiento; y m\u00e1s.<br \/>\n<a href=\"https:\/\/searchcio.techtarget.com\/definition\/e-business\" target=\"_blank\" rel=\"noopener noreferrer\">Lee mas...<\/a>\n<\/p><\/blockquote>\n\n\t\t<\/div>\n\t<\/div>\n<\/div><\/div><\/div><\/div><div class=\"vc_row wpb_row vc_row-fluid vc-col-no-pt\"><div class=\"wpb_column vc_column_container vc_col-sm-12\"><div class=\"vc_column-inner\"><div class=\"wpb_wrapper\"><div class=\"gel-space gel-d6a4e7c1bf239c475d354289cb59435d\"><\/div><\/div><\/div><\/div><div class=\"lg-col-pd-left-right-15 lg-col-mg-left-0 wpb_column vc_column_container vc_col-sm-12 vc_col-lg-5 vc_col-md-6\"><div class=\"vc_column-inner vc_custom_1570176949468\"><div class=\"wpb_wrapper\"><div class=\"gel-heading gel-heading-style-01 text-left\">\n\t\t\t<div class=\"gel-heading-subtitle\">DISTRIBUTION IS EVOLVING<\/div>\n\t\t<h2 class=\"gel-heading-title gel-97fddf5b532d9bad74295cf483d191d3\">\n\t\tNuevos retos por delante\t<\/h2>\n\t<\/div><div class=\"gel-space gel-983cb3ff6b8bb88aa98c027e0b4d4a26\"><\/div>\n\t<div class=\"wpb_text_column wpb_content_element  vc_custom_1752794022108\" >\n\t\t<div class=\"wpb_wrapper\">\n\t\t\t<p>The shift to online retail is accelerating<\/p>\n<p><span style=\"color: #449aac;\"><strong>BBI<\/strong><\/span> tiene la experiencia para ayudarlo a navegar por la nueva normalidad.<\/p>\n<p>Puede beneficiarse r\u00e1pidamente de nuestros a\u00f1os de experiencia guiando a nuestros clientes a trav\u00e9s de su conversi\u00f3n de la estrategia B2B a B2C, mientras optimiza sus asociaciones B2B. Nuestras capacidades EDI le permiten conectarse a numerosos minoristas en l\u00ednea y ser visible con precisi\u00f3n en todas las plataformas en tiempo real.<\/p>\n\n\t\t<\/div>\n\t<\/div>\n<div class=\"gel-list gel-list-style-01  wpb_animate_when_almost_visible wpb_fadeIn fadeIn gel-69df3afb3258b\">\r\n    <ul class=\"content-list icon_list\">\r\n                                                            <li class=\"item-list gel-list-item\">\r\n                                            <span class=\"list-type\"><i class=\"fal fa-arrow-alt-circle-right\"><\/i><\/span>\r\n                                                            Configure y administre su propia tienda web B2C y\/o B2B,                                    <\/li>\r\n                                                                        <li class=\"item-list gel-list-item\">\r\n                                            <span class=\"list-type\"><i class=\"fal fa-arrow-alt-circle-right\"><\/i><\/span>\r\n                                                            Reciba y complete pedidos de env\u00edo directo de sus distribuidores y minoristas,                                    <\/li>\r\n                                                                        <li class=\"item-list gel-list-item\">\r\n                                            <span class=\"list-type\"><i class=\"fal fa-arrow-alt-circle-right\"><\/i><\/span>\r\n                                                            Vende en mercados como AMAZON, Wayfair, Walmart, Google, eBay, \u2026                                    <\/li>\r\n                                                                        <li class=\"item-list gel-list-item\">\r\n                                            <span class=\"list-type\"><i class=\"fal fa-arrow-alt-circle-right\"><\/i><\/span>\r\n                                                            Integre transacciones EDI a su negocio,                                    <\/li>\r\n                                                                        <li class=\"item-list gel-list-item\">\r\n                                            <span class=\"list-type\"><i class=\"fal fa-arrow-alt-circle-right\"><\/i><\/span>\r\n                                                            Desarrollar una estrategia de marketing electr\u00f3nico.                                    <\/li>\r\n                        <\/ul>\r\n<\/div>\r\n<\/div><\/div><\/div><div class=\"wpb_column vc_column_container vc_col-sm-12 vc_col-lg-offset-1 vc_col-md-6\"><div class=\"vc_column-inner\"><div class=\"wpb_wrapper\"><div class=\"gel-heading gel-heading-style-01 text-left\">\n\t\t\t<div class=\"gel-heading-subtitle\">EN PORCENTAJE<\/div>\n\t\t<h2 class=\"gel-heading-title gel-97fddf5b532d9bad74295cf483d191d3\">\n\t\tParticipaci\u00f3n de las ventas en l\u00ednea sobre las ventas minoristas totales\t<\/h2>\n\t<\/div><div class=\"gel-space gel-983cb3ff6b8bb88aa98c027e0b4d4a26\"><\/div>\n<div class=\"vc_chart vc_line-chart wpb_content_element wpb_animate_when_almost_visible wpb_fadeIn fadeIn\" data-vc-tooltips=\"1\" data-vc-animation=\"easeOutBounce\" data-vc-type=\"line\" data-vc-values=\"{&quot;labels&quot;:[&quot;2015&quot;,&quot; 2016&quot;,&quot; 2017&quot;,&quot; 2018&quot;,&quot; 2019&quot;,&quot; 2020&quot;],&quot;datasets&quot;:[{&quot;label&quot;:&quot;&quot;,&quot;borderColor&quot;:&quot;#f9a513&quot;,&quot;backgroundColor&quot;:&quot;#f9a513&quot;,&quot;data&quot;:[&quot;10.7&quot;,&quot; 11.8&quot;,&quot; 13.2&quot;,&quot; 14.4&quot;,&quot;16.0&quot;,&quot; 27.0&quot;]}]}\">\n\t\n\t<div class=\"wpb_wrapper\">\n\t\t<canvas class=\"vc_line-chart-canvas\" width=\"1\" height=\"1\"><\/canvas>\n\t<\/div>\n<\/div>\n\n\t<div class=\"wpb_text_column wpb_content_element\" >\n\t\t<div class=\"wpb_wrapper\">\n\t\t\t<pre><em>Source: US Department of Commerce<\/em><\/pre>\n\n\t\t<\/div>\n\t<\/div>\n<\/div><\/div><\/div><\/div><div class=\"vc_row wpb_row vc_row-fluid\"><div class=\"wpb_column vc_column_container vc_col-sm-12\"><div class=\"vc_column-inner\"><div class=\"wpb_wrapper\"><div class=\"gel-space gel-51326eb3947d299f966d203da7e14930\"><\/div><\/div><\/div><\/div><\/div>\n<\/section>","protected":false},"excerpt":{"rendered":"Digital Business or E-business is the conduct of business processes on the internet. These Digital Business processes include buying and selling goods and services, servicing customers, processing payments, managing production control, collaborating with business partners, sharing information, running automated employee services, recruiting; and more. read more... DISTRIBUTION IS EVOLVING New challenges ahead The shift to [...]","protected":false},"author":1,"featured_media":0,"parent":0,"menu_order":0,"comment_status":"closed","ping_status":"closed","template":"","meta":{"footnotes":""},"class_list":["post-4331","page","type-page","status-publish","hentry"],"yoast_head":"<!-- This site is optimized with the Yoast SEO plugin v21.7 - https:\/\/yoast.com\/wordpress\/plugins\/seo\/ -->\n<title>Get ready for Digital business - BRAND &amp; BUSINESS INCUBATOR<\/title>\n<meta name=\"description\" content=\"2020 pandemic has accelerated the shift to online retail. BBI has the expertise to help you navigate the new normal.\" \/>\n<meta name=\"robots\" content=\"index, follow, max-snippet:-1, max-image-preview:large, max-video-preview:-1\" \/>\n<link rel=\"canonical\" href=\"https:\/\/www.bbincubator.com\/es\/us-market\/e-business\/\" \/>\n<meta property=\"og:locale\" content=\"es_ES\" \/>\n<meta property=\"og:type\" content=\"article\" \/>\n<meta property=\"og:title\" content=\"Get ready for Digital business - BRAND &amp; BUSINESS INCUBATOR\" \/>\n<meta property=\"og:description\" content=\"2020 pandemic has accelerated the shift to online retail. BBI has the expertise to help you navigate the new normal.\" \/>\n<meta property=\"og:url\" content=\"https:\/\/www.bbincubator.com\/es\/us-market\/e-business\/\" \/>\n<meta property=\"og:site_name\" content=\"BRAND &amp; BUSINESS INCUBATOR\" \/>\n<meta property=\"article:publisher\" content=\"https:\/\/www.facebook.com\/pages\/category\/Product-Service\/Brand-Business-Incubator-109051247178688\/\" \/>\n<meta property=\"article:modified_time\" content=\"2025-07-17T23:15:11+00:00\" \/>\n<meta name=\"twitter:card\" content=\"summary_large_image\" \/>\n<meta name=\"twitter:site\" content=\"@BB_Incubator\" \/>\n<meta name=\"twitter:label1\" content=\"Tiempo de lectura\" \/>\n\t<meta name=\"twitter:data1\" content=\"1 minuto\" \/>\n<script type=\"application\/ld+json\" class=\"yoast-schema-graph\">{\"@context\":\"https:\/\/schema.org\",\"@graph\":[{\"@type\":\"WebPage\",\"@id\":\"https:\/\/www.bbincubator.com\/us-market\/e-business\/\",\"url\":\"https:\/\/www.bbincubator.com\/us-market\/e-business\/\",\"name\":\"Get ready for Digital business - BRAND &amp; BUSINESS INCUBATOR\",\"isPartOf\":{\"@id\":\"https:\/\/www.bbincubator.com\/#website\"},\"datePublished\":\"2020-11-06T22:50:41+00:00\",\"dateModified\":\"2025-07-17T23:15:11+00:00\",\"description\":\"2020 pandemic has accelerated the shift to online retail. BBI has the expertise to help you navigate the new normal.\",\"breadcrumb\":{\"@id\":\"https:\/\/www.bbincubator.com\/us-market\/e-business\/#breadcrumb\"},\"inLanguage\":\"es\",\"potentialAction\":[{\"@type\":\"ReadAction\",\"target\":[\"https:\/\/www.bbincubator.com\/us-market\/e-business\/\"]}]},{\"@type\":\"BreadcrumbList\",\"@id\":\"https:\/\/www.bbincubator.com\/us-market\/e-business\/#breadcrumb\",\"itemListElement\":[{\"@type\":\"ListItem\",\"position\":1,\"name\":\"Home\",\"item\":\"https:\/\/www.bbincubator.com\/\"},{\"@type\":\"ListItem\",\"position\":2,\"name\":\"BBINC-e-business\"}]},{\"@type\":\"WebSite\",\"@id\":\"https:\/\/www.bbincubator.com\/#website\",\"url\":\"https:\/\/www.bbincubator.com\/\",\"name\":\"BBI\",\"description\":\"We are here to guide you every step of the way\",\"publisher\":{\"@id\":\"https:\/\/www.bbincubator.com\/#organization\"},\"alternateName\":\"BBI\",\"potentialAction\":[{\"@type\":\"SearchAction\",\"target\":{\"@type\":\"EntryPoint\",\"urlTemplate\":\"https:\/\/www.bbincubator.com\/?s={search_term_string}\"},\"query-input\":\"required name=search_term_string\"}],\"inLanguage\":\"es\"},{\"@type\":\"Organization\",\"@id\":\"https:\/\/www.bbincubator.com\/#organization\",\"name\":\"BRAND & BUSINES INCUBATOR\",\"url\":\"https:\/\/www.bbincubator.com\/\",\"logo\":{\"@type\":\"ImageObject\",\"inLanguage\":\"es\",\"@id\":\"https:\/\/www.bbincubator.com\/#\/schema\/logo\/image\/\",\"url\":\"https:\/\/www.bbincubator.com\/wp-content\/uploads\/2020\/11\/bbincubator-web-logo-01.png\",\"contentUrl\":\"https:\/\/www.bbincubator.com\/wp-content\/uploads\/2020\/11\/bbincubator-web-logo-01.png\",\"width\":600,\"height\":381,\"caption\":\"BRAND & BUSINES INCUBATOR\"},\"image\":{\"@id\":\"https:\/\/www.bbincubator.com\/#\/schema\/logo\/image\/\"},\"sameAs\":[\"https:\/\/www.facebook.com\/pages\/category\/Product-Service\/Brand-Business-Incubator-109051247178688\/\",\"https:\/\/twitter.com\/BB_Incubator\",\"https:\/\/www.youtube.com\/channel\/UCdLxYJoCvqo-9Uk5wVHQyUw\",\"https:\/\/www.instagram.com\/bbincubator\/\"]}]}<\/script>\n<!-- \/ Yoast SEO plugin. -->","yoast_head_json":{"title":"Get ready for Digital business - BRAND &amp; BUSINESS INCUBATOR","description":"2020 pandemic has accelerated the shift to online retail. BBI has the expertise to help you navigate the new normal.","robots":{"index":"index","follow":"follow","max-snippet":"max-snippet:-1","max-image-preview":"max-image-preview:large","max-video-preview":"max-video-preview:-1"},"canonical":"https:\/\/www.bbincubator.com\/es\/us-market\/e-business\/","og_locale":"es_ES","og_type":"article","og_title":"Get ready for Digital business - BRAND &amp; BUSINESS INCUBATOR","og_description":"2020 pandemic has accelerated the shift to online retail. BBI has the expertise to help you navigate the new normal.","og_url":"https:\/\/www.bbincubator.com\/es\/us-market\/e-business\/","og_site_name":"BRAND &amp; BUSINESS INCUBATOR","article_publisher":"https:\/\/www.facebook.com\/pages\/category\/Product-Service\/Brand-Business-Incubator-109051247178688\/","article_modified_time":"2025-07-17T23:15:11+00:00","twitter_card":"summary_large_image","twitter_site":"@BB_Incubator","twitter_misc":{"Tiempo de lectura":"1 minuto"},"schema":{"@context":"https:\/\/schema.org","@graph":[{"@type":"WebPage","@id":"https:\/\/www.bbincubator.com\/us-market\/e-business\/","url":"https:\/\/www.bbincubator.com\/us-market\/e-business\/","name":"Get ready for Digital business - BRAND &amp; BUSINESS INCUBATOR","isPartOf":{"@id":"https:\/\/www.bbincubator.com\/#website"},"datePublished":"2020-11-06T22:50:41+00:00","dateModified":"2025-07-17T23:15:11+00:00","description":"2020 pandemic has accelerated the shift to online retail. BBI has the expertise to help you navigate the new normal.","breadcrumb":{"@id":"https:\/\/www.bbincubator.com\/us-market\/e-business\/#breadcrumb"},"inLanguage":"es","potentialAction":[{"@type":"ReadAction","target":["https:\/\/www.bbincubator.com\/us-market\/e-business\/"]}]},{"@type":"BreadcrumbList","@id":"https:\/\/www.bbincubator.com\/us-market\/e-business\/#breadcrumb","itemListElement":[{"@type":"ListItem","position":1,"name":"Home","item":"https:\/\/www.bbincubator.com\/"},{"@type":"ListItem","position":2,"name":"BBINC-e-business"}]},{"@type":"WebSite","@id":"https:\/\/www.bbincubator.com\/#website","url":"https:\/\/www.bbincubator.com\/","name":"BBI","description":"We are here to guide you every step of the way","publisher":{"@id":"https:\/\/www.bbincubator.com\/#organization"},"alternateName":"BBI","potentialAction":[{"@type":"SearchAction","target":{"@type":"EntryPoint","urlTemplate":"https:\/\/www.bbincubator.com\/?s={search_term_string}"},"query-input":"required name=search_term_string"}],"inLanguage":"es"},{"@type":"Organization","@id":"https:\/\/www.bbincubator.com\/#organization","name":"BRAND & BUSINES INCUBATOR","url":"https:\/\/www.bbincubator.com\/","logo":{"@type":"ImageObject","inLanguage":"es","@id":"https:\/\/www.bbincubator.com\/#\/schema\/logo\/image\/","url":"https:\/\/www.bbincubator.com\/wp-content\/uploads\/2020\/11\/bbincubator-web-logo-01.png","contentUrl":"https:\/\/www.bbincubator.com\/wp-content\/uploads\/2020\/11\/bbincubator-web-logo-01.png","width":600,"height":381,"caption":"BRAND & BUSINES INCUBATOR"},"image":{"@id":"https:\/\/www.bbincubator.com\/#\/schema\/logo\/image\/"},"sameAs":["https:\/\/www.facebook.com\/pages\/category\/Product-Service\/Brand-Business-Incubator-109051247178688\/","https:\/\/twitter.com\/BB_Incubator","https:\/\/www.youtube.com\/channel\/UCdLxYJoCvqo-9Uk5wVHQyUw","https:\/\/www.instagram.com\/bbincubator\/"]}]}},"_links":{"self":[{"href":"https:\/\/www.bbincubator.com\/es\/wp-json\/wp\/v2\/pages\/4331","targetHints":{"allow":["GET"]}}],"collection":[{"href":"https:\/\/www.bbincubator.com\/es\/wp-json\/wp\/v2\/pages"}],"about":[{"href":"https:\/\/www.bbincubator.com\/es\/wp-json\/wp\/v2\/types\/page"}],"author":[{"embeddable":true,"href":"https:\/\/www.bbincubator.com\/es\/wp-json\/wp\/v2\/users\/1"}],"replies":[{"embeddable":true,"href":"https:\/\/www.bbincubator.com\/es\/wp-json\/wp\/v2\/comments?post=4331"}],"version-history":[{"count":29,"href":"https:\/\/www.bbincubator.com\/es\/wp-json\/wp\/v2\/pages\/4331\/revisions"}],"predecessor-version":[{"id":5240,"href":"https:\/\/www.bbincubator.com\/es\/wp-json\/wp\/v2\/pages\/4331\/revisions\/5240"}],"wp:attachment":[{"href":"https:\/\/www.bbincubator.com\/es\/wp-json\/wp\/v2\/media?parent=4331"}],"curies":[{"name":"wp","href":"https:\/\/api.w.org\/{rel}","templated":true}]}}